{"id":4043,"date":"2021-09-30T12:51:24","date_gmt":"2021-09-30T10:51:24","guid":{"rendered":"https:\/\/tresca.es\/legal-notice\/"},"modified":"2023-09-18T14:16:26","modified_gmt":"2023-09-18T12:16:26","slug":"legal-notice","status":"publish","type":"page","link":"https:\/\/tresca.es\/en\/legal-notice\/","title":{"rendered":"Legal notice"},"content":{"rendered":"<!--themify_builder_content-->\n<div id=\"themify_builder_content-4043\" data-postid=\"4043\" class=\"themify_builder_content themify_builder_content-4043 themify_builder tf_clear\">\n                    <div  data-lazy=\"1\" class=\"module_row themify_builder_row tb_tfcz257 tb_first tf_w\">\n                        <div class=\"row_inner col_align_top tb_col_count_1 tf_box tf_rel\">\n                        <div  data-lazy=\"1\" class=\"module_column tb-column col-full tb_yrlt259 first\">\n                    <!-- module text -->\n<div  class=\"module module-text tb_aywv909   \" data-lazy=\"1\">\n        <div  class=\"tb_text_wrap\">\n        <h1 class=\"page-title\">Legal Notice<\/h1>\n<p><strong>0. OBJECT<\/strong><br>This legal notice regulates the use of the website https:\/\/tresca.es\/, owned by TRESCA INGENIERIA S.A. (hereinafter, TRESCA). Browsing the TRESCA website attributes the USER&#8217;S condition and implies full and unconditional acceptance to each and every provision published in this legal notice, warning that these conditions may be modified without prior notification by TRESCA, in which case they will be published and notified as soon as possible.<br>We therefore recommend that you carefully read the contents hereof if you wish to access and make use of the information and services offered on this website.<\/p>\n<p><br>The USER also undertakes to use the website correctly in accordance with the law, good faith, public order, traffic uses and this Legal Notice, and will be liable to TRESCA or third parties for any damages that may be caused as a result of non-compliance with this obligation.<br>Any use other than that authorised is expressly prohibited, and TRESCA may deny or withdraw access and use at any time.<\/p>\n<p> <strong>1. IDENTIFICATION<\/strong><br>TRESCA, in compliance with Law 34\/2002 of 11 July on Information Society Services and Electronic Commerce, informs you that:<br>\u2022 The registered name is: TRESCA INGENIERIA S.A.<br>\u2022 The commercial name is: TRESCA.<br>\u2022 Its tax identification number is: A24427072.<br>\u2022 Its registered office is at: PARQUE TECNOLOGICO \u2013 CL JULIA MORROS S\/N \u2013 EDIF. USOS COMUNES PLANTA 2 &#8211; 24009 LE\u00d3N (SPAIN).<br>\u2022 It is recorded in the Companies Registry of Le\u00f3n, volume 926 general, sheet 11 back, page number: LE 12.032, entry 10<\/p>\n<p> <br><strong>2. COMMUNICATIONS<\/strong><br>To communicate with us, we make available different means of contact detailed below:<br>\u2022 Tel: 987275066.<br>\u2022 Email: i&#110;&#102;&#x6f;&#x40;t&#114;&#101;&#x73;&#x63;&#x61;&#46;&#101;&#115;.<br>All notifications and communications between users and TRESCA shall be deemed effective for all purposes when conducted by any of the means listed above.<\/p>\n<p> <br><strong>3. CONDITIONS OF ACCESS AND USE<\/strong><br>The website and its services are available for free to everyone. However, TRESCA may condition the use of some of the services offered on the website to the prior completion of the corresponding form.<br>The user guarantees the authenticity and relevance of all data provided to TRESCA and will be solely responsible for any false or inaccurate statements made.<br>The user expressly undertakes to make appropriate use of the contents and services of TRESCA and not to use them to, among others:<br>a) Disseminate content that is criminal, violent, pornographic, racist, xenophobic, offensive, justifying terrorism or, in general, contrary to the law or public order.<br>b) Introduce computer viruses into the network or engage in any other activities that may alter, damage, interrupt or generate errors or damage in electronic documents, data or physical and logical systems of TRESCA or third parties; as well as hinder the access by other users to the website and its services by massive use of the computer resources employed by TRESCA to provide its services.<br>c) Attempt to access the email accounts of other users or restricted areas of TRESCA&#8217;s computer systems or of third parties and, if applicable, extract information.<br>d) Infringe intellectual or industrial property rights, as well as violate the confidentiality of the information of TRESCA or of third parties.<br>e) Impersonate the identity of any other user.<br>f) Reproduce, copy, distribute, make available to, or otherwise publicly communicate, transform or modify the content, unless authorised by the lawful holders or legally permitted.<br>g) Collect data for advertising purposes and send advertising of any kind and communications for sales or other commercial purposes without prior request or consent.<br>All website contents, including texts, photographs, graphics, images, icons, technology, software and graphic design and source codes, are a work whose property is owned by TRESCA, without being transferred to Users any rights to exploit them beyond what is strictly necessary for the correct use of the website.<br>In short, users accessing this website may view the contents and make, given the case, authorised private copies as long as those elements are not subsequently transferred to third parties, nor are they installed on servers connected to networks, nor are they subject to any type of exploitation.<br>Similarly, all trademarks, trade names or distinctive signs of any type displayed on the website are the property of TRESCA, and it may not be construed that the use or access to the website grants any right over them to the user.<br>Similarly, all trademarks, trade names or distinctive signs of any type displayed on the website are the property of TRESCA, and it may not be construed that the use or access to the website grants any right over them to the user.<br>The presence of a hyperlink in no way implies the existence of a relationship between TRESCA and the owner of the linked website, nor TRESCA&#8217;s acceptance or endorsement of its contents or services.<br>TRESCA shall not be liable for the way in which each user uses the materials made available on this website, nor for any actions involving such materials.<\/p>\n<p><strong>3.1 DISCLAIMER OF WARRANTIES AND LIABILITY FOR ACCESS AND USE<\/strong><br>The content of this website is for general use and informational purposes only, and no guarantee is given for access to all content, nor of its completeness, correctness, validity or relevance, nor its suitability or usefulness for a specific purpose.<br>TRESCA disclaims, to the extent permitted by law, any liability for damages of any kind arising from:<br>a) The inability to access the website or the lack of truthfulness, accuracy, completeness and\/or relevance of the contents, as well as the existence of vices and defects of any kind in the contents transmitted, disseminated, stored, made available, accessed through the website or the services offered.<br>b) The presence of viruses or other elements in the contents that may cause alterations in computer systems, electronic documents or user data.<br>c) Failure to comply with the law, good faith, public order, traffic uses and this legal notice as a result of incorrect use of the website. In particular, and for instance, TRESCA is not responsible for the actions of third parties that violate intellectual and industrial property rights, business secrets, honour rights, personal and family intimacy and personal image, as well as the regulations on unfair competition and illegal advertising.<br>Likewise, TRESCA declines any responsibility for information found outside this website and which is not directly managed by our webmaster.<br>The function of the links displayed on this website is exclusively to inform the user about the existence of other sources that may extend the contents offered on this website. TRESCA does not guarantee nor is it responsible for the operation or accessibility of the linked sites; nor does it suggest, invite or recommend visiting them, nor will it be responsible for the results obtained. TRESCA is not responsible for the creation of hyperlinks by third parties.<\/p>\n<p><strong>3.2 PROCEDURE IN THE EVENT OF UNLAWFUL ACTIVITIES<\/strong><br>In the event that any user or third party considers that there are facts or circumstances revealing the illegality of the use of any content and\/or the engagement in any activity on the web pages included or accessible through the website, they must send a notification to TRESCA providing proper identification and specifying the alleged infringements.<\/p>\n<p><strong>3.3 PUBLICATIONS<\/strong><br>The administrative information provided through the website does not replace the legal publication of laws, regulations, plans, general provisions or any other act to be formally published in the official journals of the public administrations, which are the only binding instruments with regard to the authenticity and content thereof. Information on this site should be understood as a guide and shall not be binding.<\/p>\n<p><strong>4. APPLICABLE LAW<\/strong><br>These terms and conditions shall be governed by current Spanish laws.<br>The language used shall be Spanish.<\/p>    <\/div>\n<\/div>\n<!-- \/module text -->        <\/div>\n                        <\/div>\n        <\/div>\n        <\/div>\n<!--\/themify_builder_content-->","protected":false},"excerpt":{"rendered":"<p>Aviso Legal 0. OBJETOEl presente aviso legal regula el uso y utilizaci\u00f3n del sitio web https:\/\/tresca.es\/, del que es titular TRESCA INGENIERIA S.A. (en adelante, TRESCA). La navegaci\u00f3n por el sitio web de TRESCA le atribuye la condici\u00f3n de USUARIO del mismo y conlleva su aceptaci\u00f3n plena y sin reservas de todas y cada una [&hellip;]<\/p>\n","protected":false},"author":2,"featured_media":0,"parent":0,"menu_order":0,"comment_status":"closed","ping_status":"closed","template":"","meta":{"footnotes":""},"class_list":["post-4043","page","type-page","status-publish","hentry","has-post-title","has-post-date","has-post-category","has-post-tag","has-post-comment","has-post-author",""],"yoast_head":"<!-- This site is optimized with the Yoast SEO plugin v27.4 - https:\/\/yoast.com\/product\/yoast-seo-wordpress\/ -->\n<title>Legal notice - Tresca<\/title>\n<meta name=\"description\" content=\"Aviso Legal 0. OBJETOEl presente aviso legal regula el uso y utilizaci\u00f3n del sitio web https:\/\/tresca.es\/, del que es titular TRESCA INGENIERIA S.A. (en\" \/>\n<meta name=\"robots\" content=\"noindex, nofollow\" \/>\n<meta property=\"og:locale\" content=\"en_US\" \/>\n<meta property=\"og:type\" content=\"article\" \/>\n<meta property=\"og:title\" content=\"Legal notice - Tresca\" \/>\n<meta property=\"og:description\" content=\"Aviso Legal 0. OBJETOEl presente aviso legal regula el uso y utilizaci\u00f3n del sitio web https:\/\/tresca.es\/, del que es titular TRESCA INGENIERIA S.A. (en\" \/>\n<meta property=\"og:url\" content=\"https:\/\/tresca.es\/en\/legal-notice\/\" \/>\n<meta property=\"og:site_name\" content=\"Tresca\" \/>\n<meta property=\"article:publisher\" content=\"https:\/\/www.facebook.com\/grupotrescaesp\" \/>\n<meta property=\"article:modified_time\" content=\"2023-09-18T12:16:26+00:00\" \/>\n<meta property=\"og:image\" content=\"https:\/\/tresca.es\/wp-content\/uploads\/2021\/11\/Banner-Principal.png\" \/>\n\t<meta property=\"og:image:width\" content=\"1801\" \/>\n\t<meta property=\"og:image:height\" content=\"769\" \/>\n\t<meta property=\"og:image:type\" content=\"image\/png\" \/>\n<meta name=\"twitter:card\" content=\"summary_large_image\" \/>\n<meta name=\"twitter:label1\" content=\"Est. reading time\" \/>\n\t<meta name=\"twitter:data1\" content=\"8 minutes\" \/>\n<script type=\"application\/ld+json\" class=\"yoast-schema-graph\">{\"@context\":\"https:\\\/\\\/schema.org\",\"@graph\":[{\"@type\":\"WebPage\",\"@id\":\"https:\\\/\\\/tresca.es\\\/en\\\/legal-notice\\\/\",\"url\":\"https:\\\/\\\/tresca.es\\\/en\\\/legal-notice\\\/\",\"name\":\"Legal notice - Tresca\",\"isPartOf\":{\"@id\":\"https:\\\/\\\/tresca.es\\\/en\\\/#website\"},\"datePublished\":\"2021-09-30T10:51:24+00:00\",\"dateModified\":\"2023-09-18T12:16:26+00:00\",\"description\":\"Aviso Legal 0. OBJETOEl presente aviso legal regula el uso y utilizaci\u00f3n del sitio web https:\\\/\\\/tresca.es\\\/, del que es titular TRESCA INGENIERIA S.A. (en\",\"breadcrumb\":{\"@id\":\"https:\\\/\\\/tresca.es\\\/en\\\/legal-notice\\\/#breadcrumb\"},\"inLanguage\":\"en-US\",\"potentialAction\":[{\"@type\":\"ReadAction\",\"target\":[\"https:\\\/\\\/tresca.es\\\/en\\\/legal-notice\\\/\"]}]},{\"@type\":\"BreadcrumbList\",\"@id\":\"https:\\\/\\\/tresca.es\\\/en\\\/legal-notice\\\/#breadcrumb\",\"itemListElement\":[{\"@type\":\"ListItem\",\"position\":1,\"name\":\"Portada\",\"item\":\"https:\\\/\\\/tresca.es\\\/en\\\/\"},{\"@type\":\"ListItem\",\"position\":2,\"name\":\"Legal notice\"}]},{\"@type\":\"WebSite\",\"@id\":\"https:\\\/\\\/tresca.es\\\/en\\\/#website\",\"url\":\"https:\\\/\\\/tresca.es\\\/en\\\/\",\"name\":\"Tresca\",\"description\":\"Consultor\u00eda e Ingenier\u00eda\",\"publisher\":{\"@id\":\"https:\\\/\\\/tresca.es\\\/en\\\/#organization\"},\"potentialAction\":[{\"@type\":\"SearchAction\",\"target\":{\"@type\":\"EntryPoint\",\"urlTemplate\":\"https:\\\/\\\/tresca.es\\\/en\\\/?s={search_term_string}\"},\"query-input\":{\"@type\":\"PropertyValueSpecification\",\"valueRequired\":true,\"valueName\":\"search_term_string\"}}],\"inLanguage\":\"en-US\"},{\"@type\":\"Organization\",\"@id\":\"https:\\\/\\\/tresca.es\\\/en\\\/#organization\",\"name\":\"Tresca Ingenier\u00eda\",\"url\":\"https:\\\/\\\/tresca.es\\\/en\\\/\",\"logo\":{\"@type\":\"ImageObject\",\"inLanguage\":\"en-US\",\"@id\":\"https:\\\/\\\/tresca.es\\\/en\\\/#\\\/schema\\\/logo\\\/image\\\/\",\"url\":\"https:\\\/\\\/tresca.es\\\/wp-content\\\/uploads\\\/2021\\\/10\\\/cropped-logo-AMP-Tresca-120x90-fondo-transparente.png\",\"contentUrl\":\"https:\\\/\\\/tresca.es\\\/wp-content\\\/uploads\\\/2021\\\/10\\\/cropped-logo-AMP-Tresca-120x90-fondo-transparente.png\",\"width\":120,\"height\":40,\"caption\":\"Tresca Ingenier\u00eda\"},\"image\":{\"@id\":\"https:\\\/\\\/tresca.es\\\/en\\\/#\\\/schema\\\/logo\\\/image\\\/\"},\"sameAs\":[\"https:\\\/\\\/www.facebook.com\\\/grupotrescaesp\",\"https:\\\/\\\/www.linkedin.com\\\/company\\\/tresca-ingenier\u00eda-s-a-\\\/\"]}]}<\/script>\n<!-- \/ Yoast SEO plugin. -->","yoast_head_json":{"title":"Legal notice - Tresca","description":"Aviso Legal 0. OBJETOEl presente aviso legal regula el uso y utilizaci\u00f3n del sitio web https:\/\/tresca.es\/, del que es titular TRESCA INGENIERIA S.A. (en","robots":{"index":"noindex","follow":"nofollow"},"og_locale":"en_US","og_type":"article","og_title":"Legal notice - Tresca","og_description":"Aviso Legal 0. OBJETOEl presente aviso legal regula el uso y utilizaci\u00f3n del sitio web https:\/\/tresca.es\/, del que es titular TRESCA INGENIERIA S.A. (en","og_url":"https:\/\/tresca.es\/en\/legal-notice\/","og_site_name":"Tresca","article_publisher":"https:\/\/www.facebook.com\/grupotrescaesp","article_modified_time":"2023-09-18T12:16:26+00:00","og_image":[{"width":1801,"height":769,"url":"https:\/\/tresca.es\/wp-content\/uploads\/2021\/11\/Banner-Principal.png","type":"image\/png"}],"twitter_card":"summary_large_image","twitter_misc":{"Est. reading time":"8 minutes"},"schema":{"@context":"https:\/\/schema.org","@graph":[{"@type":"WebPage","@id":"https:\/\/tresca.es\/en\/legal-notice\/","url":"https:\/\/tresca.es\/en\/legal-notice\/","name":"Legal notice - Tresca","isPartOf":{"@id":"https:\/\/tresca.es\/en\/#website"},"datePublished":"2021-09-30T10:51:24+00:00","dateModified":"2023-09-18T12:16:26+00:00","description":"Aviso Legal 0. OBJETOEl presente aviso legal regula el uso y utilizaci\u00f3n del sitio web https:\/\/tresca.es\/, del que es titular TRESCA INGENIERIA S.A. (en","breadcrumb":{"@id":"https:\/\/tresca.es\/en\/legal-notice\/#breadcrumb"},"inLanguage":"en-US","potentialAction":[{"@type":"ReadAction","target":["https:\/\/tresca.es\/en\/legal-notice\/"]}]},{"@type":"BreadcrumbList","@id":"https:\/\/tresca.es\/en\/legal-notice\/#breadcrumb","itemListElement":[{"@type":"ListItem","position":1,"name":"Portada","item":"https:\/\/tresca.es\/en\/"},{"@type":"ListItem","position":2,"name":"Legal notice"}]},{"@type":"WebSite","@id":"https:\/\/tresca.es\/en\/#website","url":"https:\/\/tresca.es\/en\/","name":"Tresca","description":"Consultor\u00eda e Ingenier\u00eda","publisher":{"@id":"https:\/\/tresca.es\/en\/#organization"},"potentialAction":[{"@type":"SearchAction","target":{"@type":"EntryPoint","urlTemplate":"https:\/\/tresca.es\/en\/?s={search_term_string}"},"query-input":{"@type":"PropertyValueSpecification","valueRequired":true,"valueName":"search_term_string"}}],"inLanguage":"en-US"},{"@type":"Organization","@id":"https:\/\/tresca.es\/en\/#organization","name":"Tresca Ingenier\u00eda","url":"https:\/\/tresca.es\/en\/","logo":{"@type":"ImageObject","inLanguage":"en-US","@id":"https:\/\/tresca.es\/en\/#\/schema\/logo\/image\/","url":"https:\/\/tresca.es\/wp-content\/uploads\/2021\/10\/cropped-logo-AMP-Tresca-120x90-fondo-transparente.png","contentUrl":"https:\/\/tresca.es\/wp-content\/uploads\/2021\/10\/cropped-logo-AMP-Tresca-120x90-fondo-transparente.png","width":120,"height":40,"caption":"Tresca Ingenier\u00eda"},"image":{"@id":"https:\/\/tresca.es\/en\/#\/schema\/logo\/image\/"},"sameAs":["https:\/\/www.facebook.com\/grupotrescaesp","https:\/\/www.linkedin.com\/company\/tresca-ingenier\u00eda-s-a-\/"]}]}},"builder_content":"<h1>Legal Notice<\/h1> <p><strong>0. OBJECT<\/strong><br>This legal notice regulates the use of the website https:\/\/tresca.es\/, owned by TRESCA INGENIERIA S.A. (hereinafter, TRESCA). Browsing the TRESCA website attributes the USER'S condition and implies full and unconditional acceptance to each and every provision published in this legal notice, warning that these conditions may be modified without prior notification by TRESCA, in which case they will be published and notified as soon as possible.<br>We therefore recommend that you carefully read the contents hereof if you wish to access and make use of the information and services offered on this website.<\/p> <p><br>The USER also undertakes to use the website correctly in accordance with the law, good faith, public order, traffic uses and this Legal Notice, and will be liable to TRESCA or third parties for any damages that may be caused as a result of non-compliance with this obligation.<br>Any use other than that authorised is expressly prohibited, and TRESCA may deny or withdraw access and use at any time.<\/p> <p> <strong>1. IDENTIFICATION<\/strong><br>TRESCA, in compliance with Law 34\/2002 of 11 July on Information Society Services and Electronic Commerce, informs you that:<br>\u2022 The registered name is: TRESCA INGENIERIA S.A.<br>\u2022 The commercial name is: TRESCA.<br>\u2022 Its tax identification number is: A24427072.<br>\u2022 Its registered office is at: PARQUE TECNOLOGICO \u2013 CL JULIA MORROS S\/N \u2013 EDIF. USOS COMUNES PLANTA 2 - 24009 LE\u00d3N (SPAIN).<br>\u2022 It is recorded in the Companies Registry of Le\u00f3n, volume 926 general, sheet 11 back, page number: LE 12.032, entry 10<\/p> <p> <br><strong>2. COMMUNICATIONS<\/strong><br>To communicate with us, we make available different means of contact detailed below:<br>\u2022 Tel: 987275066.<br>\u2022 Email: info@tresca.es.<br>All notifications and communications between users and TRESCA shall be deemed effective for all purposes when conducted by any of the means listed above.<\/p> <p> <br><strong>3. CONDITIONS OF ACCESS AND USE<\/strong><br>The website and its services are available for free to everyone. However, TRESCA may condition the use of some of the services offered on the website to the prior completion of the corresponding form.<br>The user guarantees the authenticity and relevance of all data provided to TRESCA and will be solely responsible for any false or inaccurate statements made.<br>The user expressly undertakes to make appropriate use of the contents and services of TRESCA and not to use them to, among others:<br>a) Disseminate content that is criminal, violent, pornographic, racist, xenophobic, offensive, justifying terrorism or, in general, contrary to the law or public order.<br>b) Introduce computer viruses into the network or engage in any other activities that may alter, damage, interrupt or generate errors or damage in electronic documents, data or physical and logical systems of TRESCA or third parties; as well as hinder the access by other users to the website and its services by massive use of the computer resources employed by TRESCA to provide its services.<br>c) Attempt to access the email accounts of other users or restricted areas of TRESCA's computer systems or of third parties and, if applicable, extract information.<br>d) Infringe intellectual or industrial property rights, as well as violate the confidentiality of the information of TRESCA or of third parties.<br>e) Impersonate the identity of any other user.<br>f) Reproduce, copy, distribute, make available to, or otherwise publicly communicate, transform or modify the content, unless authorised by the lawful holders or legally permitted.<br>g) Collect data for advertising purposes and send advertising of any kind and communications for sales or other commercial purposes without prior request or consent.<br>All website contents, including texts, photographs, graphics, images, icons, technology, software and graphic design and source codes, are a work whose property is owned by TRESCA, without being transferred to Users any rights to exploit them beyond what is strictly necessary for the correct use of the website.<br>In short, users accessing this website may view the contents and make, given the case, authorised private copies as long as those elements are not subsequently transferred to third parties, nor are they installed on servers connected to networks, nor are they subject to any type of exploitation.<br>Similarly, all trademarks, trade names or distinctive signs of any type displayed on the website are the property of TRESCA, and it may not be construed that the use or access to the website grants any right over them to the user.<br>Similarly, all trademarks, trade names or distinctive signs of any type displayed on the website are the property of TRESCA, and it may not be construed that the use or access to the website grants any right over them to the user.<br>The presence of a hyperlink in no way implies the existence of a relationship between TRESCA and the owner of the linked website, nor TRESCA's acceptance or endorsement of its contents or services.<br>TRESCA shall not be liable for the way in which each user uses the materials made available on this website, nor for any actions involving such materials.<\/p> <p><strong>3.1 DISCLAIMER OF WARRANTIES AND LIABILITY FOR ACCESS AND USE<\/strong><br>The content of this website is for general use and informational purposes only, and no guarantee is given for access to all content, nor of its completeness, correctness, validity or relevance, nor its suitability or usefulness for a specific purpose.<br>TRESCA disclaims, to the extent permitted by law, any liability for damages of any kind arising from:<br>a) The inability to access the website or the lack of truthfulness, accuracy, completeness and\/or relevance of the contents, as well as the existence of vices and defects of any kind in the contents transmitted, disseminated, stored, made available, accessed through the website or the services offered.<br>b) The presence of viruses or other elements in the contents that may cause alterations in computer systems, electronic documents or user data.<br>c) Failure to comply with the law, good faith, public order, traffic uses and this legal notice as a result of incorrect use of the website. In particular, and for instance, TRESCA is not responsible for the actions of third parties that violate intellectual and industrial property rights, business secrets, honour rights, personal and family intimacy and personal image, as well as the regulations on unfair competition and illegal advertising.<br>Likewise, TRESCA declines any responsibility for information found outside this website and which is not directly managed by our webmaster.<br>The function of the links displayed on this website is exclusively to inform the user about the existence of other sources that may extend the contents offered on this website. TRESCA does not guarantee nor is it responsible for the operation or accessibility of the linked sites; nor does it suggest, invite or recommend visiting them, nor will it be responsible for the results obtained. TRESCA is not responsible for the creation of hyperlinks by third parties.<\/p> <p><strong>3.2 PROCEDURE IN THE EVENT OF UNLAWFUL ACTIVITIES<\/strong><br>In the event that any user or third party considers that there are facts or circumstances revealing the illegality of the use of any content and\/or the engagement in any activity on the web pages included or accessible through the website, they must send a notification to TRESCA providing proper identification and specifying the alleged infringements.<\/p> <p><strong>3.3 PUBLICATIONS<\/strong><br>The administrative information provided through the website does not replace the legal publication of laws, regulations, plans, general provisions or any other act to be formally published in the official journals of the public administrations, which are the only binding instruments with regard to the authenticity and content thereof. Information on this site should be understood as a guide and shall not be binding.<\/p> <p><strong>4. APPLICABLE LAW<\/strong><br>These terms and conditions shall be governed by current Spanish laws.<br>The language used shall be Spanish.<\/p>","_links":{"self":[{"href":"https:\/\/tresca.es\/en\/wp-json\/wp\/v2\/pages\/4043","targetHints":{"allow":["GET"]}}],"collection":[{"href":"https:\/\/tresca.es\/en\/wp-json\/wp\/v2\/pages"}],"about":[{"href":"https:\/\/tresca.es\/en\/wp-json\/wp\/v2\/types\/page"}],"author":[{"embeddable":true,"href":"https:\/\/tresca.es\/en\/wp-json\/wp\/v2\/users\/2"}],"replies":[{"embeddable":true,"href":"https:\/\/tresca.es\/en\/wp-json\/wp\/v2\/comments?post=4043"}],"version-history":[{"count":3,"href":"https:\/\/tresca.es\/en\/wp-json\/wp\/v2\/pages\/4043\/revisions"}],"predecessor-version":[{"id":4046,"href":"https:\/\/tresca.es\/en\/wp-json\/wp\/v2\/pages\/4043\/revisions\/4046"}],"wp:attachment":[{"href":"https:\/\/tresca.es\/en\/wp-json\/wp\/v2\/media?parent=4043"}],"curies":[{"name":"wp","href":"https:\/\/api.w.org\/{rel}","templated":true}]}}