{"id":5208,"date":"2024-05-20T10:06:22","date_gmt":"2024-05-20T08:06:22","guid":{"rendered":"https:\/\/tresca.es\/?page_id=5208"},"modified":"2024-05-20T10:06:22","modified_gmt":"2024-05-20T08:06:22","slug":"compliance-policy-2","status":"publish","type":"page","link":"https:\/\/tresca.es\/en\/compliance-policy-2\/","title":{"rendered":"Compliance Policy"},"content":{"rendered":"<!--themify_builder_content-->\n<div id=\"themify_builder_content-5208\" data-postid=\"5208\" class=\"themify_builder_content themify_builder_content-5208 themify_builder tf_clear\">\n                    <div  data-lazy=\"1\" class=\"module_row themify_builder_row tb_ri91909 tb_first tf_w\">\n                        <div class=\"row_inner col_align_top tb_col_count_1 tf_box tf_rel\">\n                        <div  data-lazy=\"1\" class=\"module_column tb-column col-full tb_goam911 first\">\n                    <!-- module text -->\n<div  class=\"module module-text tb_8b5l404   \" data-lazy=\"1\">\n        <div  class=\"tb_text_wrap\">\n        <h1 class=\"page-title\">Compliance Policy<\/h1>\n<p style=\"font-size: 15px\">All those forming part of TRESCA engage in best practices to prevent crimes, reduce risks, and promote a culture of business ethics and compliance with the law at all times based on the following principles:<\/p>\n<ul style=\"font-size: 15px;  \">\n<li>To prevent acts amounting to crimes that may be committed under the pretext of a legal entity and involve criminal liability thereof.<\/li>\n<li>To prevent acts amounting to crimes that may be committed under the pretext of a legal entity and involve criminal liability thereof.<\/li>\n<li>To establish proper monitoring and control measures to prevent crimes and to significantly reduce the risk of committing such crimes.<\/li>\n<li>To improve management, help reduce criminal risk and ensure greater security and confidence to government bodies, shareholders and investors, among other stakeholders.<\/li>\n<\/ul>\n<p style=\"font-size: 15px;  \">To improve management, help reduce criminal risk and ensure greater security and confidence to government bodies, shareholders and investors, among other stakeholders.<\/p>\n<p style=\"font-size: 15px;  \"><br><\/p>\n<p style=\"font-size: 15px;  \"><strong style=\"color: rgb(16, 165, 185); ;\"><a href=\"https:\/\/tresca.es\/wp-content\/uploads\/2022\/12\/ANEXO-1_CODIGO-DE-CONDUCTA-Y-POLITICA-DE-CUMPLIMIENTO.pdf\" target=\"_blank\" rel=\"noopener\" style=\"color: rgb(16, 165, 185);\">VIEW DOCUMENT (CODE OF CONDUCT AND COMPLIANCE POLICY)<\/a><\/strong><br><\/p>\n    <\/div>\n<\/div>\n<!-- \/module text -->        <\/div>\n                        <\/div>\n        <\/div>\n        <\/div>\n<!--\/themify_builder_content-->","protected":false},"excerpt":{"rendered":"<p>Pol\u00edtica de Compliance Todas la personas que forman parte de TRESCA adquieren un compromiso de buenas pr\u00e1cticas para prevenir delitos, reducir el riesgo, y fomentar una cultura empresarial \u00e9tica y de cumplimiento con la Ley en todo momento basados en los siguientes principios Prevenir la comisi\u00f3n de actos constitutivos de delitos que puedan cometerse bajo [&hellip;]<\/p>\n","protected":false},"author":2,"featured_media":0,"parent":0,"menu_order":0,"comment_status":"closed","ping_status":"closed","template":"","meta":{"footnotes":""},"class_list":["post-5208","page","type-page","status-publish","hentry","has-post-title","has-post-date","has-post-category","has-post-tag","has-post-comment","has-post-author",""],"yoast_head":"<!-- This site is optimized with the Yoast SEO plugin v27.4 - https:\/\/yoast.com\/product\/yoast-seo-wordpress\/ -->\n<title>Compliance Policy - Tresca<\/title>\n<meta name=\"description\" content=\"Compliance Policy All those forming part of TRESCA engage in best practices to prevent crimes, reduce risks, and promote a culture of business ethics and\" \/>\n<meta name=\"robots\" content=\"noindex, nofollow\" \/>\n<meta property=\"og:locale\" content=\"en_US\" \/>\n<meta property=\"og:type\" content=\"article\" \/>\n<meta property=\"og:title\" content=\"Compliance Policy - Tresca\" \/>\n<meta property=\"og:description\" content=\"Compliance Policy All those forming part of TRESCA engage in best practices to prevent crimes, reduce risks, and promote a culture of business ethics and\" \/>\n<meta property=\"og:url\" content=\"https:\/\/tresca.es\/en\/compliance-policy-2\/\" \/>\n<meta property=\"og:site_name\" content=\"Tresca\" \/>\n<meta property=\"article:publisher\" content=\"https:\/\/www.facebook.com\/grupotrescaesp\" \/>\n<meta property=\"og:image\" content=\"https:\/\/tresca.es\/wp-content\/uploads\/2021\/11\/Banner-Principal.png\" \/>\n\t<meta property=\"og:image:width\" content=\"1801\" \/>\n\t<meta property=\"og:image:height\" content=\"769\" \/>\n\t<meta property=\"og:image:type\" content=\"image\/png\" \/>\n<meta name=\"twitter:card\" content=\"summary_large_image\" \/>\n<meta name=\"twitter:label1\" content=\"Est. reading time\" \/>\n\t<meta name=\"twitter:data1\" content=\"2 minutes\" \/>\n<script type=\"application\/ld+json\" class=\"yoast-schema-graph\">{\"@context\":\"https:\\\/\\\/schema.org\",\"@graph\":[{\"@type\":\"WebPage\",\"@id\":\"https:\\\/\\\/tresca.es\\\/en\\\/compliance-policy-2\\\/\",\"url\":\"https:\\\/\\\/tresca.es\\\/en\\\/compliance-policy-2\\\/\",\"name\":\"Compliance Policy - Tresca\",\"isPartOf\":{\"@id\":\"https:\\\/\\\/tresca.es\\\/en\\\/#website\"},\"datePublished\":\"2024-05-20T08:06:22+00:00\",\"description\":\"Compliance Policy All those forming part of TRESCA engage in best practices to prevent crimes, reduce risks, and promote a culture of business ethics and\",\"breadcrumb\":{\"@id\":\"https:\\\/\\\/tresca.es\\\/en\\\/compliance-policy-2\\\/#breadcrumb\"},\"inLanguage\":\"en-US\",\"potentialAction\":[{\"@type\":\"ReadAction\",\"target\":[\"https:\\\/\\\/tresca.es\\\/en\\\/compliance-policy-2\\\/\"]}]},{\"@type\":\"BreadcrumbList\",\"@id\":\"https:\\\/\\\/tresca.es\\\/en\\\/compliance-policy-2\\\/#breadcrumb\",\"itemListElement\":[{\"@type\":\"ListItem\",\"position\":1,\"name\":\"Portada\",\"item\":\"https:\\\/\\\/tresca.es\\\/en\\\/\"},{\"@type\":\"ListItem\",\"position\":2,\"name\":\"Compliance Policy\"}]},{\"@type\":\"WebSite\",\"@id\":\"https:\\\/\\\/tresca.es\\\/en\\\/#website\",\"url\":\"https:\\\/\\\/tresca.es\\\/en\\\/\",\"name\":\"Tresca\",\"description\":\"Consultor\u00eda e Ingenier\u00eda\",\"publisher\":{\"@id\":\"https:\\\/\\\/tresca.es\\\/en\\\/#organization\"},\"potentialAction\":[{\"@type\":\"SearchAction\",\"target\":{\"@type\":\"EntryPoint\",\"urlTemplate\":\"https:\\\/\\\/tresca.es\\\/en\\\/?s={search_term_string}\"},\"query-input\":{\"@type\":\"PropertyValueSpecification\",\"valueRequired\":true,\"valueName\":\"search_term_string\"}}],\"inLanguage\":\"en-US\"},{\"@type\":\"Organization\",\"@id\":\"https:\\\/\\\/tresca.es\\\/en\\\/#organization\",\"name\":\"Tresca Ingenier\u00eda\",\"url\":\"https:\\\/\\\/tresca.es\\\/en\\\/\",\"logo\":{\"@type\":\"ImageObject\",\"inLanguage\":\"en-US\",\"@id\":\"https:\\\/\\\/tresca.es\\\/en\\\/#\\\/schema\\\/logo\\\/image\\\/\",\"url\":\"https:\\\/\\\/tresca.es\\\/wp-content\\\/uploads\\\/2021\\\/10\\\/cropped-logo-AMP-Tresca-120x90-fondo-transparente.png\",\"contentUrl\":\"https:\\\/\\\/tresca.es\\\/wp-content\\\/uploads\\\/2021\\\/10\\\/cropped-logo-AMP-Tresca-120x90-fondo-transparente.png\",\"width\":120,\"height\":40,\"caption\":\"Tresca Ingenier\u00eda\"},\"image\":{\"@id\":\"https:\\\/\\\/tresca.es\\\/en\\\/#\\\/schema\\\/logo\\\/image\\\/\"},\"sameAs\":[\"https:\\\/\\\/www.facebook.com\\\/grupotrescaesp\",\"https:\\\/\\\/www.linkedin.com\\\/company\\\/tresca-ingenier\u00eda-s-a-\\\/\"]}]}<\/script>\n<!-- \/ Yoast SEO plugin. -->","yoast_head_json":{"title":"Compliance Policy - Tresca","description":"Compliance Policy All those forming part of TRESCA engage in best practices to prevent crimes, reduce risks, and promote a culture of business ethics and","robots":{"index":"noindex","follow":"nofollow"},"og_locale":"en_US","og_type":"article","og_title":"Compliance Policy - Tresca","og_description":"Compliance Policy All those forming part of TRESCA engage in best practices to prevent crimes, reduce risks, and promote a culture of business ethics and","og_url":"https:\/\/tresca.es\/en\/compliance-policy-2\/","og_site_name":"Tresca","article_publisher":"https:\/\/www.facebook.com\/grupotrescaesp","og_image":[{"width":1801,"height":769,"url":"https:\/\/tresca.es\/wp-content\/uploads\/2021\/11\/Banner-Principal.png","type":"image\/png"}],"twitter_card":"summary_large_image","twitter_misc":{"Est. reading time":"2 minutes"},"schema":{"@context":"https:\/\/schema.org","@graph":[{"@type":"WebPage","@id":"https:\/\/tresca.es\/en\/compliance-policy-2\/","url":"https:\/\/tresca.es\/en\/compliance-policy-2\/","name":"Compliance Policy - Tresca","isPartOf":{"@id":"https:\/\/tresca.es\/en\/#website"},"datePublished":"2024-05-20T08:06:22+00:00","description":"Compliance Policy All those forming part of TRESCA engage in best practices to prevent crimes, reduce risks, and promote a culture of business ethics and","breadcrumb":{"@id":"https:\/\/tresca.es\/en\/compliance-policy-2\/#breadcrumb"},"inLanguage":"en-US","potentialAction":[{"@type":"ReadAction","target":["https:\/\/tresca.es\/en\/compliance-policy-2\/"]}]},{"@type":"BreadcrumbList","@id":"https:\/\/tresca.es\/en\/compliance-policy-2\/#breadcrumb","itemListElement":[{"@type":"ListItem","position":1,"name":"Portada","item":"https:\/\/tresca.es\/en\/"},{"@type":"ListItem","position":2,"name":"Compliance Policy"}]},{"@type":"WebSite","@id":"https:\/\/tresca.es\/en\/#website","url":"https:\/\/tresca.es\/en\/","name":"Tresca","description":"Consultor\u00eda e Ingenier\u00eda","publisher":{"@id":"https:\/\/tresca.es\/en\/#organization"},"potentialAction":[{"@type":"SearchAction","target":{"@type":"EntryPoint","urlTemplate":"https:\/\/tresca.es\/en\/?s={search_term_string}"},"query-input":{"@type":"PropertyValueSpecification","valueRequired":true,"valueName":"search_term_string"}}],"inLanguage":"en-US"},{"@type":"Organization","@id":"https:\/\/tresca.es\/en\/#organization","name":"Tresca Ingenier\u00eda","url":"https:\/\/tresca.es\/en\/","logo":{"@type":"ImageObject","inLanguage":"en-US","@id":"https:\/\/tresca.es\/en\/#\/schema\/logo\/image\/","url":"https:\/\/tresca.es\/wp-content\/uploads\/2021\/10\/cropped-logo-AMP-Tresca-120x90-fondo-transparente.png","contentUrl":"https:\/\/tresca.es\/wp-content\/uploads\/2021\/10\/cropped-logo-AMP-Tresca-120x90-fondo-transparente.png","width":120,"height":40,"caption":"Tresca Ingenier\u00eda"},"image":{"@id":"https:\/\/tresca.es\/en\/#\/schema\/logo\/image\/"},"sameAs":["https:\/\/www.facebook.com\/grupotrescaesp","https:\/\/www.linkedin.com\/company\/tresca-ingenier\u00eda-s-a-\/"]}]}},"builder_content":"<h1>Compliance Policy<\/h1> <p style=\"font-size: 15px\">All those forming part of TRESCA engage in best practices to prevent crimes, reduce risks, and promote a culture of business ethics and compliance with the law at all times based on the following principles:<\/p> <ul style=\"font-size: 15px; \"> <li>To prevent acts amounting to crimes that may be committed under the pretext of a legal entity and involve criminal liability thereof.<\/li> <li>To prevent acts amounting to crimes that may be committed under the pretext of a legal entity and involve criminal liability thereof.<\/li> <li>To establish proper monitoring and control measures to prevent crimes and to significantly reduce the risk of committing such crimes.<\/li> <li>To improve management, help reduce criminal risk and ensure greater security and confidence to government bodies, shareholders and investors, among other stakeholders.<\/li> <\/ul> <p style=\"font-size: 15px; \">To improve management, help reduce criminal risk and ensure greater security and confidence to government bodies, shareholders and investors, among other stakeholders.<\/p> <p style=\"font-size: 15px; \"><br><\/p> <p style=\"font-size: 15px; \"><strong style=\"color: rgb(16, 165, 185); ;\"><a href=\"https:\/\/tresca.es\/wp-content\/uploads\/2022\/12\/ANEXO-1_CODIGO-DE-CONDUCTA-Y-POLITICA-DE-CUMPLIMIENTO.pdf\" target=\"_blank\" rel=\"noopener\" style=\"color: rgb(16, 165, 185);\">VIEW DOCUMENT (CODE OF CONDUCT AND COMPLIANCE POLICY)<\/a><\/strong><br><\/p>","_links":{"self":[{"href":"https:\/\/tresca.es\/en\/wp-json\/wp\/v2\/pages\/5208","targetHints":{"allow":["GET"]}}],"collection":[{"href":"https:\/\/tresca.es\/en\/wp-json\/wp\/v2\/pages"}],"about":[{"href":"https:\/\/tresca.es\/en\/wp-json\/wp\/v2\/types\/page"}],"author":[{"embeddable":true,"href":"https:\/\/tresca.es\/en\/wp-json\/wp\/v2\/users\/2"}],"replies":[{"embeddable":true,"href":"https:\/\/tresca.es\/en\/wp-json\/wp\/v2\/comments?post=5208"}],"version-history":[{"count":2,"href":"https:\/\/tresca.es\/en\/wp-json\/wp\/v2\/pages\/5208\/revisions"}],"predecessor-version":[{"id":5210,"href":"https:\/\/tresca.es\/en\/wp-json\/wp\/v2\/pages\/5208\/revisions\/5210"}],"wp:attachment":[{"href":"https:\/\/tresca.es\/en\/wp-json\/wp\/v2\/media?parent=5208"}],"curies":[{"name":"wp","href":"https:\/\/api.w.org\/{rel}","templated":true}]}}