{"id":4321,"date":"2022-07-21T13:05:04","date_gmt":"2022-07-21T11:05:04","guid":{"rendered":"https:\/\/tresca.es\/canal-de-signalement\/"},"modified":"2025-06-18T12:59:32","modified_gmt":"2025-06-18T10:59:32","slug":"systeme-dinformation-interne","status":"publish","type":"page","link":"https:\/\/tresca.es\/fr\/systeme-dinformation-interne\/","title":{"rendered":"Syst\u00e8me d&rsquo;information interne"},"content":{"rendered":"<!--themify_builder_content-->\n<div id=\"themify_builder_content-4321\" data-postid=\"4321\" class=\"themify_builder_content themify_builder_content-4321 themify_builder tf_clear\">\n                    <div  data-lazy=\"1\" class=\"module_row themify_builder_row tb_uvif002 tb_first tf_w\">\n                        <div class=\"row_inner col_align_top tb_col_count_1 tf_box tf_rel\">\n                        <div  data-lazy=\"1\" class=\"module_column tb-column col-full tb_dy45000 first\">\n                    <!-- module text -->\n<div  class=\"module module-text tb_t316000   \" data-lazy=\"1\">\n        <div  class=\"tb_text_wrap\">\n        <h1 class=\"page-title\">Syst\u00e8me d&rsquo;information interne<\/h1>\n<p>L&rsquo;objectif est de promouvoir les enqu\u00eates sur les actions contraires \u00e0 la loi, c&rsquo;est pourquoi ce canal a \u00e9t\u00e9 cr\u00e9\u00e9 dans le but de fournir un moyen de communication accessible, s\u00fbr et efficace par lequel les informateurs peuvent transmettre les faits dont ils ont connaissance, en assurant leur protection contre d&rsquo;\u00e9ventuelles repr\u00e9sailles.<\/p>\n<p>Le syst\u00e8me ne sera utilis\u00e9 que pour avertir l&rsquo;entreprise des probl\u00e8mes suivants :<\/p>\n<div class=\"elementToProof\" role=\"presentation\">I.-Tout acte ou omission susceptible de constituer une infraction au droit de l&rsquo;Union europ\u00e9enne \u00e0 condition que :<\/div>\n<div role=\"presentation\"> <\/div>\n<ol>\n<li>\n<div class=\"elementToProof\" role=\"presentation\">Entrer dans le champ d&rsquo;application des actes de l&rsquo;Union europ\u00e9enne \u00e9num\u00e9r\u00e9s \u00e0 l&rsquo;annexe de la directive (UE) 2019\/1937 du Parlement europ\u00e9en et du Conseil du 23 octobre 2019 relative \u00e0 la protection des personnes signalant des violations du droit de l&rsquo;Union, ind\u00e9pendamment de leur qualification en droit national ;<\/div>\n<\/li>\n<li>\n<div class=\"elementToProof\" role=\"presentation\">affectent les int\u00e9r\u00eats financiers de l&rsquo;Union europ\u00e9enne tels que vis\u00e9s \u00e0 l&rsquo;article 325 du trait\u00e9 sur le fonctionnement de l&rsquo;Union europ\u00e9enne (TFUE) ; ou<\/div>\n<\/li>\n<li>\n<div class=\"elementToProof\" role=\"presentation\">  ont une incidence sur le march\u00e9 int\u00e9rieur, tel que vis\u00e9 \u00e0 l&rsquo;article 26, paragraphe 2, du TFUE, y compris les infractions aux r\u00e8gles de concurrence de l&rsquo;UE et les aides accord\u00e9es par les \u00c9tats, ainsi que les infractions relatives au march\u00e9 int\u00e9rieur en ce qui concerne les actes contraires aux r\u00e8gles de l&rsquo;imp\u00f4t sur les soci\u00e9t\u00e9s ou les pratiques visant \u00e0 obtenir un avantage fiscal qui irait \u00e0 l&rsquo;encontre de l&rsquo;objet ou du but de la l\u00e9gislation applicable \u00e0 l&rsquo;imp\u00f4t sur les soci\u00e9t\u00e9s.<\/div>\n<\/li>\n<\/ol>\n<div class=\"elementToProof\" role=\"presentation\">II &#8211; Actions ou omissions susceptibles de constituer une infraction p\u00e9nale ou administrative grave ou tr\u00e8s grave*.<\/div>\n<p>(*En tout \u00e9tat de cause, toutes les infractions p\u00e9nales ou administratives graves ou tr\u00e8s graves entra\u00eenant un pr\u00e9judice financier pour le Tr\u00e9sor public et la s\u00e9curit\u00e9 sociale seront consid\u00e9r\u00e9es comme incluses).<\/p>\n<div class=\"elementToProof\">Pour plus de d\u00e9tails, voir la <a href=\"https:\/\/tresca.es\/wp-content\/uploads\/2025\/06\/PC-59-Rev04-sistema-interno-informacion-1.pdf\">PROC\u00c9DURE DU SYST\u00c8ME D&rsquo;INFORMATION INTERNE<\/a>.<\/div>\n<div> <\/div>\n<div class=\"elementToProof\">Nous vous rappelons qu&rsquo;aucune question ou plainte commerciale n&rsquo;est trait\u00e9e par le biais du syst\u00e8me.<\/div>\n<div> <\/div>\n<div class=\"elementToProof\">\u00c0 cet effet, les num\u00e9ros de t\u00e9l\u00e9phone et les outils de service \u00e0 la client\u00e8le correspondante sont disponibles.<\/div>    <\/div>\n<\/div>\n<!-- \/module text --><!-- module buttons -->\n<div  class=\"module module-buttons tb_akvk270 buttons-horizontal solid   squared wow\" data-tf-animation=\"slideInUp\" data-lazy=\"1\">\n        <div class=\"module-buttons-item tf_in_flx\">\n                        <a href=\"https:\/\/compliance.legalsending.com\/canal\/?C=48605739019052143\" class=\"ui builder_button tf_in_flx transparent\" target=\"_blank\" rel=\"noopener\">\n                                                Acc\u00e8s au syst\u00e8me d'information interne                                        <\/a>\n                <\/div>\n            <\/div>\n<!-- \/module buttons -->\n        <\/div>\n                        <\/div>\n        <\/div>\n        <\/div>\n<!--\/themify_builder_content-->","protected":false},"excerpt":{"rendered":"<p>Syst\u00e8me d&rsquo;information interne L&rsquo;objectif est de promouvoir les enqu\u00eates sur les actions contraires \u00e0 la loi, c&rsquo;est pourquoi ce canal a \u00e9t\u00e9 cr\u00e9\u00e9 dans le but de fournir un moyen de communication accessible, s\u00fbr et efficace par lequel les informateurs peuvent transmettre les faits dont ils ont connaissance, en assurant leur protection contre d&rsquo;\u00e9ventuelles repr\u00e9sailles. [&hellip;]<\/p>\n","protected":false},"author":2,"featured_media":0,"parent":0,"menu_order":0,"comment_status":"closed","ping_status":"closed","template":"","meta":{"footnotes":""},"class_list":["post-4321","page","type-page","status-publish","hentry","has-post-title","has-post-date","has-post-category","has-post-tag","has-post-comment","has-post-author",""],"yoast_head":"<!-- This site is optimized with the Yoast SEO plugin v27.4 - https:\/\/yoast.com\/product\/yoast-seo-wordpress\/ -->\n<title>Syst\u00e8me d&#039;information interne - Tresca<\/title>\n<meta name=\"description\" content=\"Syst\u00e8me d&#039;information interne L&#039;objectif est de promouvoir les enqu\u00eates sur les actions contraires \u00e0 la loi, c&#039;est pourquoi ce canal a \u00e9t\u00e9 cr\u00e9\u00e9 dans le\" \/>\n<meta name=\"robots\" content=\"noindex, nofollow\" \/>\n<meta property=\"og:locale\" content=\"fr_FR\" \/>\n<meta property=\"og:type\" content=\"article\" \/>\n<meta property=\"og:title\" content=\"Syst\u00e8me d&#039;information interne - Tresca\" \/>\n<meta property=\"og:description\" content=\"Syst\u00e8me d&#039;information interne L&#039;objectif est de promouvoir les enqu\u00eates sur les actions contraires \u00e0 la loi, c&#039;est pourquoi ce canal a \u00e9t\u00e9 cr\u00e9\u00e9 dans le\" \/>\n<meta property=\"og:url\" content=\"https:\/\/tresca.es\/fr\/systeme-dinformation-interne\/\" \/>\n<meta property=\"og:site_name\" content=\"Tresca\" \/>\n<meta property=\"article:publisher\" content=\"https:\/\/www.facebook.com\/grupotrescaesp\" \/>\n<meta property=\"article:modified_time\" content=\"2025-06-18T10:59:32+00:00\" \/>\n<meta property=\"og:image\" content=\"https:\/\/tresca.es\/wp-content\/uploads\/2021\/11\/Banner-Principal.png\" \/>\n\t<meta property=\"og:image:width\" content=\"1801\" \/>\n\t<meta property=\"og:image:height\" content=\"769\" \/>\n\t<meta property=\"og:image:type\" content=\"image\/png\" \/>\n<meta name=\"twitter:card\" content=\"summary_large_image\" \/>\n<meta name=\"twitter:label1\" content=\"Dur\u00e9e de lecture estim\u00e9e\" \/>\n\t<meta name=\"twitter:data1\" content=\"2 minutes\" \/>\n<script type=\"application\/ld+json\" class=\"yoast-schema-graph\">{\"@context\":\"https:\\\/\\\/schema.org\",\"@graph\":[{\"@type\":\"WebPage\",\"@id\":\"https:\\\/\\\/tresca.es\\\/fr\\\/systeme-dinformation-interne\\\/\",\"url\":\"https:\\\/\\\/tresca.es\\\/fr\\\/systeme-dinformation-interne\\\/\",\"name\":\"Syst\u00e8me d'information interne - Tresca\",\"isPartOf\":{\"@id\":\"https:\\\/\\\/tresca.es\\\/fr\\\/#website\"},\"datePublished\":\"2022-07-21T11:05:04+00:00\",\"dateModified\":\"2025-06-18T10:59:32+00:00\",\"description\":\"Syst\u00e8me d'information interne L'objectif est de promouvoir les enqu\u00eates sur les actions contraires \u00e0 la loi, c'est pourquoi ce canal a \u00e9t\u00e9 cr\u00e9\u00e9 dans le\",\"breadcrumb\":{\"@id\":\"https:\\\/\\\/tresca.es\\\/fr\\\/systeme-dinformation-interne\\\/#breadcrumb\"},\"inLanguage\":\"fr-FR\",\"potentialAction\":[{\"@type\":\"ReadAction\",\"target\":[\"https:\\\/\\\/tresca.es\\\/fr\\\/systeme-dinformation-interne\\\/\"]}]},{\"@type\":\"BreadcrumbList\",\"@id\":\"https:\\\/\\\/tresca.es\\\/fr\\\/systeme-dinformation-interne\\\/#breadcrumb\",\"itemListElement\":[{\"@type\":\"ListItem\",\"position\":1,\"name\":\"Portada\",\"item\":\"https:\\\/\\\/tresca.es\\\/fr\\\/\"},{\"@type\":\"ListItem\",\"position\":2,\"name\":\"Syst\u00e8me d&rsquo;information interne\"}]},{\"@type\":\"WebSite\",\"@id\":\"https:\\\/\\\/tresca.es\\\/fr\\\/#website\",\"url\":\"https:\\\/\\\/tresca.es\\\/fr\\\/\",\"name\":\"Tresca\",\"description\":\"Consultor\u00eda e Ingenier\u00eda\",\"publisher\":{\"@id\":\"https:\\\/\\\/tresca.es\\\/fr\\\/#organization\"},\"potentialAction\":[{\"@type\":\"SearchAction\",\"target\":{\"@type\":\"EntryPoint\",\"urlTemplate\":\"https:\\\/\\\/tresca.es\\\/fr\\\/?s={search_term_string}\"},\"query-input\":{\"@type\":\"PropertyValueSpecification\",\"valueRequired\":true,\"valueName\":\"search_term_string\"}}],\"inLanguage\":\"fr-FR\"},{\"@type\":\"Organization\",\"@id\":\"https:\\\/\\\/tresca.es\\\/fr\\\/#organization\",\"name\":\"Tresca Ingenier\u00eda\",\"url\":\"https:\\\/\\\/tresca.es\\\/fr\\\/\",\"logo\":{\"@type\":\"ImageObject\",\"inLanguage\":\"fr-FR\",\"@id\":\"https:\\\/\\\/tresca.es\\\/fr\\\/#\\\/schema\\\/logo\\\/image\\\/\",\"url\":\"https:\\\/\\\/tresca.es\\\/wp-content\\\/uploads\\\/2021\\\/10\\\/cropped-logo-AMP-Tresca-120x90-fondo-transparente.png\",\"contentUrl\":\"https:\\\/\\\/tresca.es\\\/wp-content\\\/uploads\\\/2021\\\/10\\\/cropped-logo-AMP-Tresca-120x90-fondo-transparente.png\",\"width\":120,\"height\":40,\"caption\":\"Tresca Ingenier\u00eda\"},\"image\":{\"@id\":\"https:\\\/\\\/tresca.es\\\/fr\\\/#\\\/schema\\\/logo\\\/image\\\/\"},\"sameAs\":[\"https:\\\/\\\/www.facebook.com\\\/grupotrescaesp\",\"https:\\\/\\\/www.linkedin.com\\\/company\\\/tresca-ingenier\u00eda-s-a-\\\/\"]}]}<\/script>\n<!-- \/ Yoast SEO plugin. -->","yoast_head_json":{"title":"Syst\u00e8me d'information interne - Tresca","description":"Syst\u00e8me d'information interne L'objectif est de promouvoir les enqu\u00eates sur les actions contraires \u00e0 la loi, c'est pourquoi ce canal a \u00e9t\u00e9 cr\u00e9\u00e9 dans le","robots":{"index":"noindex","follow":"nofollow"},"og_locale":"fr_FR","og_type":"article","og_title":"Syst\u00e8me d'information interne - Tresca","og_description":"Syst\u00e8me d'information interne L'objectif est de promouvoir les enqu\u00eates sur les actions contraires \u00e0 la loi, c'est pourquoi ce canal a \u00e9t\u00e9 cr\u00e9\u00e9 dans le","og_url":"https:\/\/tresca.es\/fr\/systeme-dinformation-interne\/","og_site_name":"Tresca","article_publisher":"https:\/\/www.facebook.com\/grupotrescaesp","article_modified_time":"2025-06-18T10:59:32+00:00","og_image":[{"width":1801,"height":769,"url":"https:\/\/tresca.es\/wp-content\/uploads\/2021\/11\/Banner-Principal.png","type":"image\/png"}],"twitter_card":"summary_large_image","twitter_misc":{"Dur\u00e9e de lecture estim\u00e9e":"2 minutes"},"schema":{"@context":"https:\/\/schema.org","@graph":[{"@type":"WebPage","@id":"https:\/\/tresca.es\/fr\/systeme-dinformation-interne\/","url":"https:\/\/tresca.es\/fr\/systeme-dinformation-interne\/","name":"Syst\u00e8me d'information interne - Tresca","isPartOf":{"@id":"https:\/\/tresca.es\/fr\/#website"},"datePublished":"2022-07-21T11:05:04+00:00","dateModified":"2025-06-18T10:59:32+00:00","description":"Syst\u00e8me d'information interne L'objectif est de promouvoir les enqu\u00eates sur les actions contraires \u00e0 la loi, c'est pourquoi ce canal a \u00e9t\u00e9 cr\u00e9\u00e9 dans le","breadcrumb":{"@id":"https:\/\/tresca.es\/fr\/systeme-dinformation-interne\/#breadcrumb"},"inLanguage":"fr-FR","potentialAction":[{"@type":"ReadAction","target":["https:\/\/tresca.es\/fr\/systeme-dinformation-interne\/"]}]},{"@type":"BreadcrumbList","@id":"https:\/\/tresca.es\/fr\/systeme-dinformation-interne\/#breadcrumb","itemListElement":[{"@type":"ListItem","position":1,"name":"Portada","item":"https:\/\/tresca.es\/fr\/"},{"@type":"ListItem","position":2,"name":"Syst\u00e8me d&rsquo;information interne"}]},{"@type":"WebSite","@id":"https:\/\/tresca.es\/fr\/#website","url":"https:\/\/tresca.es\/fr\/","name":"Tresca","description":"Consultor\u00eda e Ingenier\u00eda","publisher":{"@id":"https:\/\/tresca.es\/fr\/#organization"},"potentialAction":[{"@type":"SearchAction","target":{"@type":"EntryPoint","urlTemplate":"https:\/\/tresca.es\/fr\/?s={search_term_string}"},"query-input":{"@type":"PropertyValueSpecification","valueRequired":true,"valueName":"search_term_string"}}],"inLanguage":"fr-FR"},{"@type":"Organization","@id":"https:\/\/tresca.es\/fr\/#organization","name":"Tresca Ingenier\u00eda","url":"https:\/\/tresca.es\/fr\/","logo":{"@type":"ImageObject","inLanguage":"fr-FR","@id":"https:\/\/tresca.es\/fr\/#\/schema\/logo\/image\/","url":"https:\/\/tresca.es\/wp-content\/uploads\/2021\/10\/cropped-logo-AMP-Tresca-120x90-fondo-transparente.png","contentUrl":"https:\/\/tresca.es\/wp-content\/uploads\/2021\/10\/cropped-logo-AMP-Tresca-120x90-fondo-transparente.png","width":120,"height":40,"caption":"Tresca Ingenier\u00eda"},"image":{"@id":"https:\/\/tresca.es\/fr\/#\/schema\/logo\/image\/"},"sameAs":["https:\/\/www.facebook.com\/grupotrescaesp","https:\/\/www.linkedin.com\/company\/tresca-ingenier\u00eda-s-a-\/"]}]}},"builder_content":"<h1>Syst\u00e8me d'information interne<\/h1> <p>L'objectif est de promouvoir les enqu\u00eates sur les actions contraires \u00e0 la loi, c'est pourquoi ce canal a \u00e9t\u00e9 cr\u00e9\u00e9 dans le but de fournir un moyen de communication accessible, s\u00fbr et efficace par lequel les informateurs peuvent transmettre les faits dont ils ont connaissance, en assurant leur protection contre d'\u00e9ventuelles repr\u00e9sailles.<\/p> <p>Le syst\u00e8me ne sera utilis\u00e9 que pour avertir l'entreprise des probl\u00e8mes suivants :<\/p> I.-Tout acte ou omission susceptible de constituer une infraction au droit de l'Union europ\u00e9enne \u00e0 condition que : <ol> <li> Entrer dans le champ d'application des actes de l'Union europ\u00e9enne \u00e9num\u00e9r\u00e9s \u00e0 l'annexe de la directive (UE) 2019\/1937 du Parlement europ\u00e9en et du Conseil du 23 octobre 2019 relative \u00e0 la protection des personnes signalant des violations du droit de l'Union, ind\u00e9pendamment de leur qualification en droit national ; <\/li> <li> affectent les int\u00e9r\u00eats financiers de l'Union europ\u00e9enne tels que vis\u00e9s \u00e0 l'article 325 du trait\u00e9 sur le fonctionnement de l'Union europ\u00e9enne (TFUE) ; ou <\/li> <li> ont une incidence sur le march\u00e9 int\u00e9rieur, tel que vis\u00e9 \u00e0 l'article 26, paragraphe 2, du TFUE, y compris les infractions aux r\u00e8gles de concurrence de l'UE et les aides accord\u00e9es par les \u00c9tats, ainsi que les infractions relatives au march\u00e9 int\u00e9rieur en ce qui concerne les actes contraires aux r\u00e8gles de l'imp\u00f4t sur les soci\u00e9t\u00e9s ou les pratiques visant \u00e0 obtenir un avantage fiscal qui irait \u00e0 l'encontre de l'objet ou du but de la l\u00e9gislation applicable \u00e0 l'imp\u00f4t sur les soci\u00e9t\u00e9s. <\/li> <\/ol> II - Actions ou omissions susceptibles de constituer une infraction p\u00e9nale ou administrative grave ou tr\u00e8s grave*. <p>(*En tout \u00e9tat de cause, toutes les infractions p\u00e9nales ou administratives graves ou tr\u00e8s graves entra\u00eenant un pr\u00e9judice financier pour le Tr\u00e9sor public et la s\u00e9curit\u00e9 sociale seront consid\u00e9r\u00e9es comme incluses).<\/p> Pour plus de d\u00e9tails, voir la <a href=\"https:\/\/tresca.es\/wp-content\/uploads\/2025\/06\/PC-59-Rev04-sistema-interno-informacion-1.pdf\">PROC\u00c9DURE DU SYST\u00c8ME D'INFORMATION INTERNE<\/a>. Nous vous rappelons qu'aucune question ou plainte commerciale n'est trait\u00e9e par le biais du syst\u00e8me. \u00c0 cet effet, les num\u00e9ros de t\u00e9l\u00e9phone et les outils de service \u00e0 la client\u00e8le correspondante sont disponibles.\n<a href=\"https:\/\/compliance.legalsending.com\/canal\/?C=48605739019052143\" target=\"_blank\" rel=\"noopener\"> Acc\u00e8s au syst\u00e8me d'information interne <\/a>","_links":{"self":[{"href":"https:\/\/tresca.es\/fr\/wp-json\/wp\/v2\/pages\/4321","targetHints":{"allow":["GET"]}}],"collection":[{"href":"https:\/\/tresca.es\/fr\/wp-json\/wp\/v2\/pages"}],"about":[{"href":"https:\/\/tresca.es\/fr\/wp-json\/wp\/v2\/types\/page"}],"author":[{"embeddable":true,"href":"https:\/\/tresca.es\/fr\/wp-json\/wp\/v2\/users\/2"}],"replies":[{"embeddable":true,"href":"https:\/\/tresca.es\/fr\/wp-json\/wp\/v2\/comments?post=4321"}],"version-history":[{"count":20,"href":"https:\/\/tresca.es\/fr\/wp-json\/wp\/v2\/pages\/4321\/revisions"}],"predecessor-version":[{"id":6734,"href":"https:\/\/tresca.es\/fr\/wp-json\/wp\/v2\/pages\/4321\/revisions\/6734"}],"wp:attachment":[{"href":"https:\/\/tresca.es\/fr\/wp-json\/wp\/v2\/media?parent=4321"}],"curies":[{"name":"wp","href":"https:\/\/api.w.org\/{rel}","templated":true}]}}