{"id":5211,"date":"2024-05-20T10:06:22","date_gmt":"2024-05-20T08:06:22","guid":{"rendered":"https:\/\/tresca.es\/?page_id=5211"},"modified":"2024-05-20T10:06:22","modified_gmt":"2024-05-20T08:06:22","slug":"politique-de-conformite-2","status":"publish","type":"page","link":"https:\/\/tresca.es\/fr\/politique-de-conformite-2\/","title":{"rendered":"Politique de conformit\u00e9"},"content":{"rendered":"<!--themify_builder_content-->\n<div id=\"themify_builder_content-5211\" data-postid=\"5211\" class=\"themify_builder_content themify_builder_content-5211 themify_builder tf_clear\">\n                    <div  data-lazy=\"1\" class=\"module_row themify_builder_row tb_ri91909 tb_first tf_w\">\n                        <div class=\"row_inner col_align_top tb_col_count_1 tf_box tf_rel\">\n                        <div  data-lazy=\"1\" class=\"module_column tb-column col-full tb_goam911 first\">\n                    <!-- module text -->\n<div  class=\"module module-text tb_8b5l404   \" data-lazy=\"1\">\n        <div  class=\"tb_text_wrap\">\n        <h1 class=\"page-title\">Politique de conformit\u00e9<\/h1>\n<p style=\"font-size: 15px\">Tout le personnel de TRESCA s\u2019engage \u00e0 mettre en \u0153uvre de bonnes pratiques pour pr\u00e9venir la criminalit\u00e9, r\u00e9duire les risques et promouvoir une culture d\u2019entreprise \u00e9thique et le respect de la loi \u00e0 tout moment, sur la base des principes suivants:<\/p>\n<ul style=\"font-size: 15px;  \">\n<li>Pr\u00e9venir la commission d\u2019actes constituant des d\u00e9lits qui peuvent \u00eatre commis sous le couvert de l\u2019entit\u00e9 juridique et qui entra\u00eenent une responsabilit\u00e9 p\u00e9nale.<\/li>\n<li>Promouvoir une culture de pr\u00e9vention et de conformit\u00e9 et d\u00e9montrer l\u2019engagement des dirigeants de l\u2019organisation \u00e0 cet \u00e9gard.<\/li>\n<li>Mettre en place des mesures de supervision et de contr\u00f4le appropri\u00e9es pour pr\u00e9venir les d\u00e9lits et r\u00e9duire de mani\u00e8re significative le risque de les commettre.<\/li>\n<li>Am\u00e9liorer la gestion, contribuer \u00e0 r\u00e9duire le risque criminel et fournir une plus grande garantie de s\u00e9curit\u00e9 et de confiance aux organes de direction, aux actionnaires et aux investisseurs, entre autres parties prenantes.<\/li>\n<\/ul>\n<p style=\"font-size: 15px;  \">La vocation de service de tout le personnel de l\u2019\u00e9quipe de TRESCA est guid\u00e9e par des principes \u00e9thiques qui recherchent l\u2019excellence et la qualit\u00e9 dans toutes les activit\u00e9s que nous menons.<\/p>\n<p style=\"font-size: 15px;  \"><br><\/p>\n<p style=\"font-size: 15px;  \"><strong style=\"color: rgb(16, 165, 185); ;\"><a href=\"https:\/\/tresca.es\/wp-content\/uploads\/2022\/12\/ANEXO-1_CODIGO-DE-CONDUCTA-Y-POLITICA-DE-CUMPLIMIENTO.pdf\" target=\"_blank\" rel=\"noopener\" style=\"color: rgb(16, 165, 185);\">VOIR LE DOCUMENT (CODE DE CONDUITE ET POLITIQUE DE CONFORMIT\u00c9)<\/a><\/strong><br><\/p>\n    <\/div>\n<\/div>\n<!-- \/module text -->        <\/div>\n                        <\/div>\n        <\/div>\n        <\/div>\n<!--\/themify_builder_content-->","protected":false},"excerpt":{"rendered":"<p>Pol\u00edtica de Compliance Todas la personas que forman parte de TRESCA adquieren un compromiso de buenas pr\u00e1cticas para prevenir delitos, reducir el riesgo, y fomentar una cultura empresarial \u00e9tica y de cumplimiento con la Ley en todo momento basados en los siguientes principios Prevenir la comisi\u00f3n de actos constitutivos de delitos que puedan cometerse bajo [&hellip;]<\/p>\n","protected":false},"author":2,"featured_media":0,"parent":0,"menu_order":0,"comment_status":"closed","ping_status":"closed","template":"","meta":{"footnotes":""},"class_list":["post-5211","page","type-page","status-publish","hentry","has-post-title","has-post-date","has-post-category","has-post-tag","has-post-comment","has-post-author",""],"yoast_head":"<!-- This site is optimized with the Yoast SEO plugin v27.2 - https:\/\/yoast.com\/product\/yoast-seo-wordpress\/ -->\n<title>Politique de conformit\u00e9 - Tresca<\/title>\n<meta name=\"description\" content=\"Politique de conformit\u00e9 Tout le personnel de TRESCA s\u2019engage \u00e0 mettre en \u0153uvre de bonnes pratiques pour pr\u00e9venir la criminalit\u00e9, r\u00e9duire les risques et\" \/>\n<meta name=\"robots\" content=\"noindex, nofollow\" \/>\n<meta property=\"og:locale\" content=\"fr_FR\" \/>\n<meta property=\"og:type\" content=\"article\" \/>\n<meta property=\"og:title\" content=\"Politique de conformit\u00e9 - Tresca\" \/>\n<meta property=\"og:description\" content=\"Politique de conformit\u00e9 Tout le personnel de TRESCA s\u2019engage \u00e0 mettre en \u0153uvre de bonnes pratiques pour pr\u00e9venir la criminalit\u00e9, r\u00e9duire les risques et\" \/>\n<meta property=\"og:url\" content=\"https:\/\/tresca.es\/fr\/politique-de-conformite-2\/\" \/>\n<meta property=\"og:site_name\" content=\"Tresca\" \/>\n<meta property=\"article:publisher\" content=\"https:\/\/www.facebook.com\/grupotrescaesp\" \/>\n<meta property=\"og:image\" content=\"https:\/\/tresca.es\/wp-content\/uploads\/2021\/11\/Banner-Principal.png\" \/>\n\t<meta property=\"og:image:width\" content=\"1801\" \/>\n\t<meta property=\"og:image:height\" content=\"769\" \/>\n\t<meta property=\"og:image:type\" content=\"image\/png\" \/>\n<meta name=\"twitter:card\" content=\"summary_large_image\" \/>\n<meta name=\"twitter:label1\" content=\"Dur\u00e9e de lecture estim\u00e9e\" \/>\n\t<meta name=\"twitter:data1\" content=\"2 minutes\" \/>\n<script type=\"application\/ld+json\" class=\"yoast-schema-graph\">{\"@context\":\"https:\/\/schema.org\",\"@graph\":[{\"@type\":\"WebPage\",\"@id\":\"https:\/\/tresca.es\/fr\/politique-de-conformite-2\/\",\"url\":\"https:\/\/tresca.es\/fr\/politique-de-conformite-2\/\",\"name\":\"Politique de conformit\u00e9 - Tresca\",\"isPartOf\":{\"@id\":\"https:\/\/tresca.es\/fr\/#website\"},\"datePublished\":\"2024-05-20T08:06:22+00:00\",\"description\":\"Politique de conformit\u00e9 Tout le personnel de TRESCA s\u2019engage \u00e0 mettre en \u0153uvre de bonnes pratiques pour pr\u00e9venir la criminalit\u00e9, r\u00e9duire les risques et\",\"breadcrumb\":{\"@id\":\"https:\/\/tresca.es\/fr\/politique-de-conformite-2\/#breadcrumb\"},\"inLanguage\":\"fr-FR\",\"potentialAction\":[{\"@type\":\"ReadAction\",\"target\":[\"https:\/\/tresca.es\/fr\/politique-de-conformite-2\/\"]}]},{\"@type\":\"BreadcrumbList\",\"@id\":\"https:\/\/tresca.es\/fr\/politique-de-conformite-2\/#breadcrumb\",\"itemListElement\":[{\"@type\":\"ListItem\",\"position\":1,\"name\":\"Portada\",\"item\":\"https:\/\/tresca.es\/fr\/\"},{\"@type\":\"ListItem\",\"position\":2,\"name\":\"Politique de conformit\u00e9\"}]},{\"@type\":\"WebSite\",\"@id\":\"https:\/\/tresca.es\/fr\/#website\",\"url\":\"https:\/\/tresca.es\/fr\/\",\"name\":\"Tresca\",\"description\":\"Consultor\u00eda e Ingenier\u00eda\",\"publisher\":{\"@id\":\"https:\/\/tresca.es\/fr\/#organization\"},\"potentialAction\":[{\"@type\":\"SearchAction\",\"target\":{\"@type\":\"EntryPoint\",\"urlTemplate\":\"https:\/\/tresca.es\/fr\/?s={search_term_string}\"},\"query-input\":{\"@type\":\"PropertyValueSpecification\",\"valueRequired\":true,\"valueName\":\"search_term_string\"}}],\"inLanguage\":\"fr-FR\"},{\"@type\":\"Organization\",\"@id\":\"https:\/\/tresca.es\/fr\/#organization\",\"name\":\"Tresca Ingenier\u00eda\",\"url\":\"https:\/\/tresca.es\/fr\/\",\"logo\":{\"@type\":\"ImageObject\",\"inLanguage\":\"fr-FR\",\"@id\":\"https:\/\/tresca.es\/fr\/#\/schema\/logo\/image\/\",\"url\":\"https:\/\/tresca.es\/wp-content\/uploads\/2021\/10\/cropped-logo-AMP-Tresca-120x90-fondo-transparente.png\",\"contentUrl\":\"https:\/\/tresca.es\/wp-content\/uploads\/2021\/10\/cropped-logo-AMP-Tresca-120x90-fondo-transparente.png\",\"width\":120,\"height\":40,\"caption\":\"Tresca Ingenier\u00eda\"},\"image\":{\"@id\":\"https:\/\/tresca.es\/fr\/#\/schema\/logo\/image\/\"},\"sameAs\":[\"https:\/\/www.facebook.com\/grupotrescaesp\",\"https:\/\/www.linkedin.com\/company\/tresca-ingenier\u00eda-s-a-\/\"]}]}<\/script>\n<!-- \/ Yoast SEO plugin. -->","yoast_head_json":{"title":"Politique de conformit\u00e9 - Tresca","description":"Politique de conformit\u00e9 Tout le personnel de TRESCA s\u2019engage \u00e0 mettre en \u0153uvre de bonnes pratiques pour pr\u00e9venir la criminalit\u00e9, r\u00e9duire les risques et","robots":{"index":"noindex","follow":"nofollow"},"og_locale":"fr_FR","og_type":"article","og_title":"Politique de conformit\u00e9 - Tresca","og_description":"Politique de conformit\u00e9 Tout le personnel de TRESCA s\u2019engage \u00e0 mettre en \u0153uvre de bonnes pratiques pour pr\u00e9venir la criminalit\u00e9, r\u00e9duire les risques et","og_url":"https:\/\/tresca.es\/fr\/politique-de-conformite-2\/","og_site_name":"Tresca","article_publisher":"https:\/\/www.facebook.com\/grupotrescaesp","og_image":[{"width":1801,"height":769,"url":"https:\/\/tresca.es\/wp-content\/uploads\/2021\/11\/Banner-Principal.png","type":"image\/png"}],"twitter_card":"summary_large_image","twitter_misc":{"Dur\u00e9e de lecture estim\u00e9e":"2 minutes"},"schema":{"@context":"https:\/\/schema.org","@graph":[{"@type":"WebPage","@id":"https:\/\/tresca.es\/fr\/politique-de-conformite-2\/","url":"https:\/\/tresca.es\/fr\/politique-de-conformite-2\/","name":"Politique de conformit\u00e9 - Tresca","isPartOf":{"@id":"https:\/\/tresca.es\/fr\/#website"},"datePublished":"2024-05-20T08:06:22+00:00","description":"Politique de conformit\u00e9 Tout le personnel de TRESCA s\u2019engage \u00e0 mettre en \u0153uvre de bonnes pratiques pour pr\u00e9venir la criminalit\u00e9, r\u00e9duire les risques et","breadcrumb":{"@id":"https:\/\/tresca.es\/fr\/politique-de-conformite-2\/#breadcrumb"},"inLanguage":"fr-FR","potentialAction":[{"@type":"ReadAction","target":["https:\/\/tresca.es\/fr\/politique-de-conformite-2\/"]}]},{"@type":"BreadcrumbList","@id":"https:\/\/tresca.es\/fr\/politique-de-conformite-2\/#breadcrumb","itemListElement":[{"@type":"ListItem","position":1,"name":"Portada","item":"https:\/\/tresca.es\/fr\/"},{"@type":"ListItem","position":2,"name":"Politique de conformit\u00e9"}]},{"@type":"WebSite","@id":"https:\/\/tresca.es\/fr\/#website","url":"https:\/\/tresca.es\/fr\/","name":"Tresca","description":"Consultor\u00eda e Ingenier\u00eda","publisher":{"@id":"https:\/\/tresca.es\/fr\/#organization"},"potentialAction":[{"@type":"SearchAction","target":{"@type":"EntryPoint","urlTemplate":"https:\/\/tresca.es\/fr\/?s={search_term_string}"},"query-input":{"@type":"PropertyValueSpecification","valueRequired":true,"valueName":"search_term_string"}}],"inLanguage":"fr-FR"},{"@type":"Organization","@id":"https:\/\/tresca.es\/fr\/#organization","name":"Tresca Ingenier\u00eda","url":"https:\/\/tresca.es\/fr\/","logo":{"@type":"ImageObject","inLanguage":"fr-FR","@id":"https:\/\/tresca.es\/fr\/#\/schema\/logo\/image\/","url":"https:\/\/tresca.es\/wp-content\/uploads\/2021\/10\/cropped-logo-AMP-Tresca-120x90-fondo-transparente.png","contentUrl":"https:\/\/tresca.es\/wp-content\/uploads\/2021\/10\/cropped-logo-AMP-Tresca-120x90-fondo-transparente.png","width":120,"height":40,"caption":"Tresca Ingenier\u00eda"},"image":{"@id":"https:\/\/tresca.es\/fr\/#\/schema\/logo\/image\/"},"sameAs":["https:\/\/www.facebook.com\/grupotrescaesp","https:\/\/www.linkedin.com\/company\/tresca-ingenier\u00eda-s-a-\/"]}]}},"builder_content":"<h1>Politique de conformit\u00e9<\/h1> <p style=\"font-size: 15px\">Tout le personnel de TRESCA s\u2019engage \u00e0 mettre en \u0153uvre de bonnes pratiques pour pr\u00e9venir la criminalit\u00e9, r\u00e9duire les risques et promouvoir une culture d\u2019entreprise \u00e9thique et le respect de la loi \u00e0 tout moment, sur la base des principes suivants:<\/p> <ul style=\"font-size: 15px; \"> <li>Pr\u00e9venir la commission d\u2019actes constituant des d\u00e9lits qui peuvent \u00eatre commis sous le couvert de l\u2019entit\u00e9 juridique et qui entra\u00eenent une responsabilit\u00e9 p\u00e9nale.<\/li> <li>Promouvoir une culture de pr\u00e9vention et de conformit\u00e9 et d\u00e9montrer l\u2019engagement des dirigeants de l\u2019organisation \u00e0 cet \u00e9gard.<\/li> <li>Mettre en place des mesures de supervision et de contr\u00f4le appropri\u00e9es pour pr\u00e9venir les d\u00e9lits et r\u00e9duire de mani\u00e8re significative le risque de les commettre.<\/li> <li>Am\u00e9liorer la gestion, contribuer \u00e0 r\u00e9duire le risque criminel et fournir une plus grande garantie de s\u00e9curit\u00e9 et de confiance aux organes de direction, aux actionnaires et aux investisseurs, entre autres parties prenantes.<\/li> <\/ul> <p style=\"font-size: 15px; \">La vocation de service de tout le personnel de l\u2019\u00e9quipe de TRESCA est guid\u00e9e par des principes \u00e9thiques qui recherchent l\u2019excellence et la qualit\u00e9 dans toutes les activit\u00e9s que nous menons.<\/p> <p style=\"font-size: 15px; \"><br><\/p> <p style=\"font-size: 15px; \"><strong style=\"color: rgb(16, 165, 185); ;\"><a href=\"https:\/\/tresca.es\/wp-content\/uploads\/2022\/12\/ANEXO-1_CODIGO-DE-CONDUCTA-Y-POLITICA-DE-CUMPLIMIENTO.pdf\" target=\"_blank\" rel=\"noopener\" style=\"color: rgb(16, 165, 185);\">VOIR LE DOCUMENT (CODE DE CONDUITE ET POLITIQUE DE CONFORMIT\u00c9)<\/a><\/strong><br><\/p>","_links":{"self":[{"href":"https:\/\/tresca.es\/fr\/wp-json\/wp\/v2\/pages\/5211","targetHints":{"allow":["GET"]}}],"collection":[{"href":"https:\/\/tresca.es\/fr\/wp-json\/wp\/v2\/pages"}],"about":[{"href":"https:\/\/tresca.es\/fr\/wp-json\/wp\/v2\/types\/page"}],"author":[{"embeddable":true,"href":"https:\/\/tresca.es\/fr\/wp-json\/wp\/v2\/users\/2"}],"replies":[{"embeddable":true,"href":"https:\/\/tresca.es\/fr\/wp-json\/wp\/v2\/comments?post=5211"}],"version-history":[{"count":2,"href":"https:\/\/tresca.es\/fr\/wp-json\/wp\/v2\/pages\/5211\/revisions"}],"predecessor-version":[{"id":5213,"href":"https:\/\/tresca.es\/fr\/wp-json\/wp\/v2\/pages\/5211\/revisions\/5213"}],"wp:attachment":[{"href":"https:\/\/tresca.es\/fr\/wp-json\/wp\/v2\/media?parent=5211"}],"curies":[{"name":"wp","href":"https:\/\/api.w.org\/{rel}","templated":true}]}}