{"id":4503,"date":"2021-08-11T10:04:32","date_gmt":"2021-08-11T08:04:32","guid":{"rendered":"https:\/\/tresca.es\/erro-404\/"},"modified":"2023-09-28T15:23:34","modified_gmt":"2023-09-28T13:23:34","slug":"erro-404","status":"publish","type":"page","link":"https:\/\/tresca.es\/pt\/erro-404\/","title":{"rendered":"Erro 404"},"content":{"rendered":"<!--themify_builder_content-->\n<div id=\"themify_builder_content-4503\" data-postid=\"4503\" class=\"themify_builder_content themify_builder_content-4503 themify_builder tf_clear\">\n                    <div  data-css_id=\"ye36262\" data-lazy=\"1\" class=\"module_row themify_builder_row fullheight fullwidth tb_ye36262 tb_first tf_w\">\n            <span  class=\"builder_row_cover tf_abs\" data-lazy=\"1\"><\/span>            <div class=\"row_inner col_align_top tb_col_count_1 tf_box tf_rel\">\n                        <div  data-lazy=\"1\" class=\"module_column tb-column col-full tb_0duo263 first\">\n                    <!-- module text -->\n<div  class=\"module module-text tb_8j7p263   \" data-lazy=\"1\">\n        <div  class=\"tb_text_wrap\">\n        <h2 style=\"text-align: center;\">Erro 404.<\/h2>\n<p style=\"text-align: center;\"><strong>A p\u00e1gina que est\u00e1 a procurar n\u00e3o existe!<\/strong><\/p>    <\/div>\n<\/div>\n<!-- \/module text -->        <div  data-lazy=\"1\" class=\"module_subrow themify_builder_sub_row tf_w col_align_top tb_col_count_4 tb_hdmj263\">\n                <div  data-lazy=\"1\" class=\"module_column sub_column col4-1 tb_g9eu264 first\">\n                            <\/div>\n                    <div  data-lazy=\"1\" class=\"module_column sub_column col4-1 tb_ocn5264\">\n                    <!-- module buttons -->\n<div  class=\"module module-buttons tb_m7x7264 buttons-horizontal solid  rounded\" data-lazy=\"1\">\n        <div class=\"module-buttons-item tf_in_flx\">\n                        <a href=\"https:\/\/tresca.es\/contacto\/\" class=\"ui builder_button tf_in_flx tb_default_color\" >\n                                                Contacto                                        <\/a>\n                <\/div>\n            <\/div>\n<!-- \/module buttons -->\n        <\/div>\n                    <div  data-lazy=\"1\" class=\"module_column sub_column col4-1 tb_ilj9264\">\n                    <!-- module buttons -->\n<div  class=\"module module-buttons tb_n9r4266 buttons-horizontal solid  rounded\" data-lazy=\"1\">\n        <div class=\"module-buttons-item tf_in_flx\">\n                        <a href=\"https:\/\/tresca.es\/\" class=\"ui builder_button tf_in_flx tb_default_color\" >\n                                                Ir para o in\u00edcio                                        <\/a>\n                <\/div>\n            <\/div>\n<!-- \/module buttons -->\n        <\/div>\n                    <div  data-lazy=\"1\" class=\"module_column sub_column col4-1 tb_04z7267 last\">\n                            <\/div>\n                    <\/div>\n                <\/div>\n                        <\/div>\n        <\/div>\n        <\/div>\n<!--\/themify_builder_content-->","protected":false},"excerpt":{"rendered":"<p>Erro 404. A p\u00e1gina que est\u00e1 a procurar n\u00e3o existe!<\/p>\n","protected":false},"author":2,"featured_media":0,"parent":0,"menu_order":0,"comment_status":"closed","ping_status":"closed","template":"","meta":{"footnotes":""},"class_list":["post-4503","page","type-page","status-publish","hentry","has-post-title","has-post-date","has-post-category","has-post-tag","has-post-comment","has-post-author",""],"yoast_head":"<!-- This site is optimized with the Yoast SEO plugin v27.4 - https:\/\/yoast.com\/product\/yoast-seo-wordpress\/ -->\n<title>Erro 404 -% Tresca% Ingenier\u00eda S.A.<\/title>\n<meta name=\"robots\" content=\"noindex, nofollow\" \/>\n<meta property=\"og:locale\" content=\"pt_PT\" \/>\n<meta property=\"og:type\" content=\"article\" \/>\n<meta property=\"og:title\" content=\"Erro 404 -% Tresca% Ingenier\u00eda S.A.\" \/>\n<meta property=\"og:url\" content=\"https:\/\/tresca.es\/pt\/erro-404\/\" \/>\n<meta property=\"og:site_name\" content=\"Tresca\" \/>\n<meta property=\"article:publisher\" content=\"https:\/\/www.facebook.com\/grupotrescaesp\" \/>\n<meta property=\"article:modified_time\" content=\"2023-09-28T13:23:34+00:00\" \/>\n<meta property=\"og:image\" content=\"https:\/\/tresca.es\/wp-content\/uploads\/2021\/11\/Banner-Principal.png\" \/>\n\t<meta property=\"og:image:width\" content=\"1801\" \/>\n\t<meta property=\"og:image:height\" content=\"769\" \/>\n\t<meta property=\"og:image:type\" content=\"image\/png\" \/>\n<meta name=\"twitter:card\" content=\"summary_large_image\" \/>\n<script type=\"application\/ld+json\" class=\"yoast-schema-graph\">{\"@context\":\"https:\\\/\\\/schema.org\",\"@graph\":[{\"@type\":\"WebPage\",\"@id\":\"https:\\\/\\\/tresca.es\\\/pt\\\/erro-404\\\/\",\"url\":\"https:\\\/\\\/tresca.es\\\/pt\\\/erro-404\\\/\",\"name\":\"Erro 404 -% Tresca% Ingenier\u00eda S.A.\",\"isPartOf\":{\"@id\":\"https:\\\/\\\/tresca.es\\\/pt\\\/#website\"},\"datePublished\":\"2021-08-11T08:04:32+00:00\",\"dateModified\":\"2023-09-28T13:23:34+00:00\",\"breadcrumb\":{\"@id\":\"https:\\\/\\\/tresca.es\\\/pt\\\/erro-404\\\/#breadcrumb\"},\"inLanguage\":\"pt-PT\",\"potentialAction\":[{\"@type\":\"ReadAction\",\"target\":[\"https:\\\/\\\/tresca.es\\\/pt\\\/erro-404\\\/\"]}]},{\"@type\":\"BreadcrumbList\",\"@id\":\"https:\\\/\\\/tresca.es\\\/pt\\\/erro-404\\\/#breadcrumb\",\"itemListElement\":[{\"@type\":\"ListItem\",\"position\":1,\"name\":\"Portada\",\"item\":\"https:\\\/\\\/tresca.es\\\/pt\\\/\"},{\"@type\":\"ListItem\",\"position\":2,\"name\":\"Erro 404\"}]},{\"@type\":\"WebSite\",\"@id\":\"https:\\\/\\\/tresca.es\\\/pt\\\/#website\",\"url\":\"https:\\\/\\\/tresca.es\\\/pt\\\/\",\"name\":\"Tresca\",\"description\":\"Consultor\u00eda e Ingenier\u00eda\",\"potentialAction\":[{\"@type\":\"SearchAction\",\"target\":{\"@type\":\"EntryPoint\",\"urlTemplate\":\"https:\\\/\\\/tresca.es\\\/pt\\\/?s={search_term_string}\"},\"query-input\":{\"@type\":\"PropertyValueSpecification\",\"valueRequired\":true,\"valueName\":\"search_term_string\"}}],\"inLanguage\":\"pt-PT\"}]}<\/script>\n<!-- \/ Yoast SEO plugin. -->","yoast_head_json":{"title":"Erro 404 -% Tresca% Ingenier\u00eda S.A.","robots":{"index":"noindex","follow":"nofollow"},"og_locale":"pt_PT","og_type":"article","og_title":"Erro 404 -% Tresca% Ingenier\u00eda S.A.","og_url":"https:\/\/tresca.es\/pt\/erro-404\/","og_site_name":"Tresca","article_publisher":"https:\/\/www.facebook.com\/grupotrescaesp","article_modified_time":"2023-09-28T13:23:34+00:00","og_image":[{"width":1801,"height":769,"url":"https:\/\/tresca.es\/wp-content\/uploads\/2021\/11\/Banner-Principal.png","type":"image\/png"}],"twitter_card":"summary_large_image","schema":{"@context":"https:\/\/schema.org","@graph":[{"@type":"WebPage","@id":"https:\/\/tresca.es\/pt\/erro-404\/","url":"https:\/\/tresca.es\/pt\/erro-404\/","name":"Erro 404 -% Tresca% Ingenier\u00eda S.A.","isPartOf":{"@id":"https:\/\/tresca.es\/pt\/#website"},"datePublished":"2021-08-11T08:04:32+00:00","dateModified":"2023-09-28T13:23:34+00:00","breadcrumb":{"@id":"https:\/\/tresca.es\/pt\/erro-404\/#breadcrumb"},"inLanguage":"pt-PT","potentialAction":[{"@type":"ReadAction","target":["https:\/\/tresca.es\/pt\/erro-404\/"]}]},{"@type":"BreadcrumbList","@id":"https:\/\/tresca.es\/pt\/erro-404\/#breadcrumb","itemListElement":[{"@type":"ListItem","position":1,"name":"Portada","item":"https:\/\/tresca.es\/pt\/"},{"@type":"ListItem","position":2,"name":"Erro 404"}]},{"@type":"WebSite","@id":"https:\/\/tresca.es\/pt\/#website","url":"https:\/\/tresca.es\/pt\/","name":"Tresca","description":"Consultor\u00eda e Ingenier\u00eda","potentialAction":[{"@type":"SearchAction","target":{"@type":"EntryPoint","urlTemplate":"https:\/\/tresca.es\/pt\/?s={search_term_string}"},"query-input":{"@type":"PropertyValueSpecification","valueRequired":true,"valueName":"search_term_string"}}],"inLanguage":"pt-PT"}]}},"builder_content":"<h2 style=\"text-align: center;\">Erro 404.<\/h2> <p style=\"text-align: center;\"><strong>A p\u00e1gina que est\u00e1 a procurar n\u00e3o existe!<\/strong><\/p>\n<a href=\"https:\/\/tresca.es\/contacto\/\" > Contacto <\/a>\n<a href=\"https:\/\/tresca.es\/\" > Ir para o in\u00edcio <\/a>","_links":{"self":[{"href":"https:\/\/tresca.es\/pt\/wp-json\/wp\/v2\/pages\/4503","targetHints":{"allow":["GET"]}}],"collection":[{"href":"https:\/\/tresca.es\/pt\/wp-json\/wp\/v2\/pages"}],"about":[{"href":"https:\/\/tresca.es\/pt\/wp-json\/wp\/v2\/types\/page"}],"author":[{"embeddable":true,"href":"https:\/\/tresca.es\/pt\/wp-json\/wp\/v2\/users\/2"}],"replies":[{"embeddable":true,"href":"https:\/\/tresca.es\/pt\/wp-json\/wp\/v2\/comments?post=4503"}],"version-history":[{"count":1,"href":"https:\/\/tresca.es\/pt\/wp-json\/wp\/v2\/pages\/4503\/revisions"}],"predecessor-version":[{"id":4504,"href":"https:\/\/tresca.es\/pt\/wp-json\/wp\/v2\/pages\/4503\/revisions\/4504"}],"wp:attachment":[{"href":"https:\/\/tresca.es\/pt\/wp-json\/wp\/v2\/media?parent=4503"}],"curies":[{"name":"wp","href":"https:\/\/api.w.org\/{rel}","templated":true}]}}