{"id":4523,"date":"2022-12-16T10:53:26","date_gmt":"2022-12-16T09:53:26","guid":{"rendered":"https:\/\/tresca.es\/politica-de-complianze\/"},"modified":"2023-09-29T12:49:44","modified_gmt":"2023-09-29T10:49:44","slug":"politica-de-complianze","status":"publish","type":"page","link":"https:\/\/tresca.es\/pt\/politica-de-complianze\/","title":{"rendered":"Pol\u00edtica de compliance"},"content":{"rendered":"<!--themify_builder_content-->\n<div id=\"themify_builder_content-4523\" data-postid=\"4523\" class=\"themify_builder_content themify_builder_content-4523 themify_builder tf_clear\">\n                    <div  data-lazy=\"1\" class=\"module_row themify_builder_row tb_ri91909 tb_first tf_w\">\n                        <div class=\"row_inner col_align_top tb_col_count_1 tf_box tf_rel\">\n                        <div  data-lazy=\"1\" class=\"module_column tb-column col-full tb_goam911 first\">\n                    <!-- module text -->\n<div  class=\"module module-text tb_8b5l404   \" data-lazy=\"1\">\n        <div  class=\"tb_text_wrap\">\n        <h1 class=\"page-title\">Pol\u00edtica de compliance<\/h1>\n<p style=\"font-size: 15px\">Todas as pessoas que fazem parte da TRESCA est\u00e3o comprometidas com as boas pr\u00e1ticas para prevenir o crime, reduzir o risco e promover uma cultura empresarial \u00e9tica e o cumprimento da lei em qualquer momento, com base nos seguintes princ\u00edpios:<\/p>\n<ul style=\"font-size: 15px;  \">\n<li>Prevenir atos constitutivos de crimes suscept\u00edveis de serem cometidos ao abrigo da pessoa coletiva e que impliquem a responsabilidade penal da mesma.<\/li>\n<li>Promover uma cultura de preven\u00e7\u00e3o e cumprimento e demonstrar o empenhamento dos dirigentes da organiza\u00e7\u00e3o nesse sentido.<\/li>\n<li>Estabelecer medidas de acompanhamento e controlo adequadas para prevenir crimes e reduzir significativamente o risco de os cometer.<\/li>\n<li>Melhorar a gest\u00e3o, ajudar a reduzir o risco criminal e garantir uma maior seguran\u00e7a e confian\u00e7a aos \u00f3rg\u00e3os governamentais, acionistas e investidores, entre outros grupos de interesse.<\/li>\n<\/ul>\n<p style=\"font-size: 15px;  \">A voca\u00e7\u00e3o de servi\u00e7o de todas as pessoas que fazem parte da equipa Tresca \u00e9 orientada por princ\u00edpios \u00e9ticos que procuram a excel\u00eancia e a qualidade em todas as atividades que desenvolvemos.<\/p>\n<p style=\"font-size: 15px;  \"><br><\/p>\n<p style=\"font-size: 15px;  \"><strong style=\"color: rgb(16, 165, 185); ;\"><a href=\"https:\/\/tresca.es\/wp-content\/uploads\/2022\/12\/ANEXO-1_CODIGO-DE-CONDUCTA-Y-POLITICA-DE-CUMPLIMIENTO.pdf\" target=\"_blank\" rel=\"noopener\" style=\"color: rgb(16, 165, 185);\">VER DOCUMENTO (C\u00d3DIGO DE CONDUTA E POL\u00cdTICA DE CONFORMIDADE)<\/a><\/strong><br><\/p>\n    <\/div>\n<\/div>\n<!-- \/module text -->        <\/div>\n                        <\/div>\n        <\/div>\n        <\/div>\n<!--\/themify_builder_content-->","protected":false},"excerpt":{"rendered":"<p>Pol\u00edtica de Compliance Todas la personas que forman parte de TRESCA adquieren un compromiso de buenas pr\u00e1cticas para prevenir delitos, reducir el riesgo, y fomentar una cultura empresarial \u00e9tica y de cumplimiento con la Ley en todo momento basados en los siguientes principios Prevenir la comisi\u00f3n de actos constitutivos de delitos que puedan cometerse bajo [&hellip;]<\/p>\n","protected":false},"author":2,"featured_media":0,"parent":0,"menu_order":0,"comment_status":"closed","ping_status":"closed","template":"","meta":{"footnotes":""},"class_list":["post-4523","page","type-page","status-publish","hentry","has-post-title","has-post-date","has-post-category","has-post-tag","has-post-comment","has-post-author",""],"yoast_head":"<!-- This site is optimized with the Yoast SEO plugin v27.4 - https:\/\/yoast.com\/product\/yoast-seo-wordpress\/ -->\n<title>Pol\u00edtica de compliance - Tresca<\/title>\n<meta name=\"description\" content=\"Pol\u00edtica de Compliance Todas la personas que forman parte de TRESCA adquieren un compromiso de buenas pr\u00e1cticas para prevenir delitos, reducir el riesgo,\" \/>\n<meta name=\"robots\" content=\"noindex, nofollow\" \/>\n<meta property=\"og:locale\" content=\"pt_PT\" \/>\n<meta property=\"og:type\" content=\"article\" \/>\n<meta property=\"og:title\" content=\"Pol\u00edtica de compliance - Tresca\" \/>\n<meta property=\"og:description\" content=\"Pol\u00edtica de Compliance Todas la personas que forman parte de TRESCA adquieren un compromiso de buenas pr\u00e1cticas para prevenir delitos, reducir el riesgo,\" \/>\n<meta property=\"og:url\" content=\"https:\/\/tresca.es\/pt\/politica-de-complianze\/\" \/>\n<meta property=\"og:site_name\" content=\"Tresca\" \/>\n<meta property=\"article:publisher\" content=\"https:\/\/www.facebook.com\/grupotrescaesp\" \/>\n<meta property=\"article:modified_time\" content=\"2023-09-29T10:49:44+00:00\" \/>\n<meta property=\"og:image\" content=\"https:\/\/tresca.es\/wp-content\/uploads\/2021\/11\/Banner-Principal.png\" \/>\n\t<meta property=\"og:image:width\" content=\"1801\" \/>\n\t<meta property=\"og:image:height\" content=\"769\" \/>\n\t<meta property=\"og:image:type\" content=\"image\/png\" \/>\n<meta name=\"twitter:card\" content=\"summary_large_image\" \/>\n<meta name=\"twitter:label1\" content=\"Tempo estimado de leitura\" \/>\n\t<meta name=\"twitter:data1\" content=\"1 minuto\" \/>\n<script type=\"application\/ld+json\" class=\"yoast-schema-graph\">{\"@context\":\"https:\\\/\\\/schema.org\",\"@graph\":[{\"@type\":\"WebPage\",\"@id\":\"https:\\\/\\\/tresca.es\\\/pt\\\/politica-de-complianze\\\/\",\"url\":\"https:\\\/\\\/tresca.es\\\/pt\\\/politica-de-complianze\\\/\",\"name\":\"Pol\u00edtica de compliance - Tresca\",\"isPartOf\":{\"@id\":\"https:\\\/\\\/tresca.es\\\/pt\\\/#website\"},\"datePublished\":\"2022-12-16T09:53:26+00:00\",\"dateModified\":\"2023-09-29T10:49:44+00:00\",\"description\":\"Pol\u00edtica de Compliance Todas la personas que forman parte de TRESCA adquieren un compromiso de buenas pr\u00e1cticas para prevenir delitos, reducir el riesgo,\",\"breadcrumb\":{\"@id\":\"https:\\\/\\\/tresca.es\\\/pt\\\/politica-de-complianze\\\/#breadcrumb\"},\"inLanguage\":\"pt-PT\",\"potentialAction\":[{\"@type\":\"ReadAction\",\"target\":[\"https:\\\/\\\/tresca.es\\\/pt\\\/politica-de-complianze\\\/\"]}]},{\"@type\":\"BreadcrumbList\",\"@id\":\"https:\\\/\\\/tresca.es\\\/pt\\\/politica-de-complianze\\\/#breadcrumb\",\"itemListElement\":[{\"@type\":\"ListItem\",\"position\":1,\"name\":\"Portada\",\"item\":\"https:\\\/\\\/tresca.es\\\/pt\\\/\"},{\"@type\":\"ListItem\",\"position\":2,\"name\":\"Pol\u00edtica de compliance\"}]},{\"@type\":\"WebSite\",\"@id\":\"https:\\\/\\\/tresca.es\\\/pt\\\/#website\",\"url\":\"https:\\\/\\\/tresca.es\\\/pt\\\/\",\"name\":\"Tresca\",\"description\":\"Consultor\u00eda e Ingenier\u00eda\",\"potentialAction\":[{\"@type\":\"SearchAction\",\"target\":{\"@type\":\"EntryPoint\",\"urlTemplate\":\"https:\\\/\\\/tresca.es\\\/pt\\\/?s={search_term_string}\"},\"query-input\":{\"@type\":\"PropertyValueSpecification\",\"valueRequired\":true,\"valueName\":\"search_term_string\"}}],\"inLanguage\":\"pt-PT\"}]}<\/script>\n<!-- \/ Yoast SEO plugin. -->","yoast_head_json":{"title":"Pol\u00edtica de compliance - Tresca","description":"Pol\u00edtica de Compliance Todas la personas que forman parte de TRESCA adquieren un compromiso de buenas pr\u00e1cticas para prevenir delitos, reducir el riesgo,","robots":{"index":"noindex","follow":"nofollow"},"og_locale":"pt_PT","og_type":"article","og_title":"Pol\u00edtica de compliance - Tresca","og_description":"Pol\u00edtica de Compliance Todas la personas que forman parte de TRESCA adquieren un compromiso de buenas pr\u00e1cticas para prevenir delitos, reducir el riesgo,","og_url":"https:\/\/tresca.es\/pt\/politica-de-complianze\/","og_site_name":"Tresca","article_publisher":"https:\/\/www.facebook.com\/grupotrescaesp","article_modified_time":"2023-09-29T10:49:44+00:00","og_image":[{"width":1801,"height":769,"url":"https:\/\/tresca.es\/wp-content\/uploads\/2021\/11\/Banner-Principal.png","type":"image\/png"}],"twitter_card":"summary_large_image","twitter_misc":{"Tempo estimado de leitura":"1 minuto"},"schema":{"@context":"https:\/\/schema.org","@graph":[{"@type":"WebPage","@id":"https:\/\/tresca.es\/pt\/politica-de-complianze\/","url":"https:\/\/tresca.es\/pt\/politica-de-complianze\/","name":"Pol\u00edtica de compliance - Tresca","isPartOf":{"@id":"https:\/\/tresca.es\/pt\/#website"},"datePublished":"2022-12-16T09:53:26+00:00","dateModified":"2023-09-29T10:49:44+00:00","description":"Pol\u00edtica de Compliance Todas la personas que forman parte de TRESCA adquieren un compromiso de buenas pr\u00e1cticas para prevenir delitos, reducir el riesgo,","breadcrumb":{"@id":"https:\/\/tresca.es\/pt\/politica-de-complianze\/#breadcrumb"},"inLanguage":"pt-PT","potentialAction":[{"@type":"ReadAction","target":["https:\/\/tresca.es\/pt\/politica-de-complianze\/"]}]},{"@type":"BreadcrumbList","@id":"https:\/\/tresca.es\/pt\/politica-de-complianze\/#breadcrumb","itemListElement":[{"@type":"ListItem","position":1,"name":"Portada","item":"https:\/\/tresca.es\/pt\/"},{"@type":"ListItem","position":2,"name":"Pol\u00edtica de compliance"}]},{"@type":"WebSite","@id":"https:\/\/tresca.es\/pt\/#website","url":"https:\/\/tresca.es\/pt\/","name":"Tresca","description":"Consultor\u00eda e Ingenier\u00eda","potentialAction":[{"@type":"SearchAction","target":{"@type":"EntryPoint","urlTemplate":"https:\/\/tresca.es\/pt\/?s={search_term_string}"},"query-input":{"@type":"PropertyValueSpecification","valueRequired":true,"valueName":"search_term_string"}}],"inLanguage":"pt-PT"}]}},"builder_content":"<h1>Pol\u00edtica de compliance<\/h1> <p style=\"font-size: 15px\">Todas as pessoas que fazem parte da TRESCA est\u00e3o comprometidas com as boas pr\u00e1ticas para prevenir o crime, reduzir o risco e promover uma cultura empresarial \u00e9tica e o cumprimento da lei em qualquer momento, com base nos seguintes princ\u00edpios:<\/p> <ul style=\"font-size: 15px; \"> <li>Prevenir atos constitutivos de crimes suscept\u00edveis de serem cometidos ao abrigo da pessoa coletiva e que impliquem a responsabilidade penal da mesma.<\/li> <li>Promover uma cultura de preven\u00e7\u00e3o e cumprimento e demonstrar o empenhamento dos dirigentes da organiza\u00e7\u00e3o nesse sentido.<\/li> <li>Estabelecer medidas de acompanhamento e controlo adequadas para prevenir crimes e reduzir significativamente o risco de os cometer.<\/li> <li>Melhorar a gest\u00e3o, ajudar a reduzir o risco criminal e garantir uma maior seguran\u00e7a e confian\u00e7a aos \u00f3rg\u00e3os governamentais, acionistas e investidores, entre outros grupos de interesse.<\/li> <\/ul> <p style=\"font-size: 15px; \">A voca\u00e7\u00e3o de servi\u00e7o de todas as pessoas que fazem parte da equipa Tresca \u00e9 orientada por princ\u00edpios \u00e9ticos que procuram a excel\u00eancia e a qualidade em todas as atividades que desenvolvemos.<\/p> <p style=\"font-size: 15px; \"><br><\/p> <p style=\"font-size: 15px; \"><strong style=\"color: rgb(16, 165, 185); ;\"><a href=\"https:\/\/tresca.es\/wp-content\/uploads\/2022\/12\/ANEXO-1_CODIGO-DE-CONDUCTA-Y-POLITICA-DE-CUMPLIMIENTO.pdf\" target=\"_blank\" rel=\"noopener\" style=\"color: rgb(16, 165, 185);\">VER DOCUMENTO (C\u00d3DIGO DE CONDUTA E POL\u00cdTICA DE CONFORMIDADE)<\/a><\/strong><br><\/p>","_links":{"self":[{"href":"https:\/\/tresca.es\/pt\/wp-json\/wp\/v2\/pages\/4523","targetHints":{"allow":["GET"]}}],"collection":[{"href":"https:\/\/tresca.es\/pt\/wp-json\/wp\/v2\/pages"}],"about":[{"href":"https:\/\/tresca.es\/pt\/wp-json\/wp\/v2\/types\/page"}],"author":[{"embeddable":true,"href":"https:\/\/tresca.es\/pt\/wp-json\/wp\/v2\/users\/2"}],"replies":[{"embeddable":true,"href":"https:\/\/tresca.es\/pt\/wp-json\/wp\/v2\/comments?post=4523"}],"version-history":[{"count":1,"href":"https:\/\/tresca.es\/pt\/wp-json\/wp\/v2\/pages\/4523\/revisions"}],"predecessor-version":[{"id":4524,"href":"https:\/\/tresca.es\/pt\/wp-json\/wp\/v2\/pages\/4523\/revisions\/4524"}],"wp:attachment":[{"href":"https:\/\/tresca.es\/pt\/wp-json\/wp\/v2\/media?parent=4523"}],"curies":[{"name":"wp","href":"https:\/\/api.w.org\/{rel}","templated":true}]}}