{"id":4531,"date":"2016-12-28T05:25:41","date_gmt":"2016-12-28T04:25:41","guid":{"rendered":"https:\/\/tresca.es\/contacto\/"},"modified":"2025-04-08T12:13:35","modified_gmt":"2025-04-08T10:13:35","slug":"contacto","status":"publish","type":"page","link":"https:\/\/tresca.es\/pt\/contacto\/","title":{"rendered":"Contacto"},"content":{"rendered":"<!--themify_builder_content-->\n<div id=\"themify_builder_content-4531\" data-postid=\"4531\" class=\"themify_builder_content themify_builder_content-4531 themify_builder tf_clear\">\n                    <div  data-tablet_landscape-padding=\",12px\" data-tablet-padding=\"4px,3px\" data-css_id=\"q1v6747\" data-lazy=\"1\" class=\"module_row themify_builder_row fullwidth_row_container tb_q1v6747 tb_first tf_w\">\n            <span  class=\"builder_row_cover tf_abs\" data-lazy=\"1\"><\/span>            <div class=\"row_inner col_align_top tb_col_count_1 tf_box tf_rel\">\n                        <div  data-lazy=\"1\" class=\"module_column tb-column col-full tb_tkx9748 first\">\n                    <!-- module text -->\n<div  class=\"module module-text tb_5uid116   \" data-lazy=\"1\">\n        <div  class=\"tb_text_wrap\">\n        <h1 style=\"text-align: center;\">TEM ALGUMA QUEST\u00c3O?<\/h1>\n<p style=\"text-align: center;\">Contacte conosco<\/p>    <\/div>\n<\/div>\n<!-- \/module text --><!-- module icon -->\n<div  class=\"module module-icon tb_l8mf639   none icon_horizontal tf_textc wow\" data-tf-animation=\"fadeInUp\" data-lazy=\"1\">\n\t\t\t<div class=\"module-icon-item\">\n\t\t\t\t\t\t\t<a href=\"https:\/\/www.linkedin.com\/company\/tresca-ingenier%C3%ADa-s-a-\/\" rel=\"noopener\" target=\"_blank\">\n\t\t\t\t\t\t\t\t\t\t\t\t\t\t\t\t\t<em class=\"tf_box\"\n\t\t\t\t\t\t\t\t\t\t\t\t\t\t\t\t\t><svg  class=\"tf_fa tf-ti-linkedin\" xmlns:xlink=\"http:\/\/www.w3.org\/1999\/xlink\" aria-hidden=\"true\"><use href=\"#tf-ti-linkedin\" xlink:href=\"#tf-ti-linkedin\"><\/use><\/svg><\/em>\n\t\t\t\t\t\t\t\t\t\t\t\t\t\t\t\t<\/a>\n\t\t\t\t\t<\/div>\n\t\t\t<div class=\"module-icon-item\">\n\t\t\t\t\t\t\t<a href=\"https:\/\/www.facebook.com\/grupotrescaesp\" rel=\"noopener\" target=\"_blank\">\n\t\t\t\t\t\t\t\t\t\t\t\t\t\t\t\t\t<em class=\"tf_box\"\n\t\t\t\t\t\t\t\t\t\t\t\t\t\t\t\t\t><svg  class=\"tf_fa tf-ti-facebook\" xmlns:xlink=\"http:\/\/www.w3.org\/1999\/xlink\" aria-hidden=\"true\"><use href=\"#tf-ti-facebook\" xlink:href=\"#tf-ti-facebook\"><\/use><\/svg><\/em>\n\t\t\t\t\t\t\t\t\t\t\t\t\t\t\t\t<\/a>\n\t\t\t\t\t<\/div>\n\t\t\t<div class=\"module-icon-item\">\n\t\t\t\t\t\t\t<a href=\"https:\/\/twitter.com\/GrupoTresca?s=20\" rel=\"noopener\" target=\"_blank\">\n\t\t\t\t\t\t\t\t\t\t\t\t\t\t\t\t\t<em class=\"tf_box\"\n\t\t\t\t\t\t\t\t\t\t\t\t\t\t\t\t\t><svg  class=\"tf_fa tf-ti-twitter\" xmlns:xlink=\"http:\/\/www.w3.org\/1999\/xlink\" aria-hidden=\"true\"><use href=\"#tf-ti-twitter\" xlink:href=\"#tf-ti-twitter\"><\/use><\/svg><\/em>\n\t\t\t\t\t\t\t\t\t\t\t\t\t\t\t\t<\/a>\n\t\t\t\t\t<\/div>\n\t<\/div>\n<!-- \/module icon -->\n        <div  data-lazy=\"1\" class=\"module_subrow themify_builder_sub_row tf_w col_align_top tb_col_count_1 tb_8yf9191 wow\" data-tf-animation=\"fadeInUp\">\n                <div  data-lazy=\"1\" class=\"module_column sub_column col-full tb_ubpu191 first\">\n                    <!-- module contact -->\n<div  id=\"tb_37o2388\" class=\"module module-contact tb_37o2388 contact-style2  wow\" data-tf-animation=\"fadeInUp\" data-lazy=\"1\">\n    \n\t<form class=\"builder-contact\"\n\t\tid=\"tb_37o2388-form\"\n\t\tmethod=\"post\"\n\t\tdata-post-id=\"4531\"\n\t\tdata-element-id=\"37o2388\"\n\t\tdata-orig-id=\"4531\"\n\t>\n    <div class=\"contact-message\"><\/div>\n\t<input type=\"hidden\" id=\"bc_nonce\" name=\"bc_nonce\" value=\"07734ce2bf\" \/><input type=\"hidden\" name=\"_wp_http_referer\" value=\"\/pt\/wp-json\/wp\/v2\/pages\/4531\" \/>\t<div class=\"builder-contact-fields tf_rel\">\n\t\t    \t\t    <div class=\"builder-contact-field builder-contact-field-name builder-contact-text-field\">\n\t\t\t    <label class=\"control-label\" for=\"tb_37o2388-contact-name\">\n\t\t\t\t\t\t\t\t\t\t<span class=\"tb-label-span\">Nome <\/span><span class=\"required\">*<\/span>\t\t\t\t<\/label>\n\t\t\t    <div class=\"control-input tf_rel\">\n\t\t\t\t    \t\t\t\t\t    <input type=\"text\" name=\"contact-name\" placeholder=\"Inserir o nome\" id=\"tb_37o2388-contact-name\" value=\"\" class=\"form-control\" required>\n\t\t\t\t    \t\t\t\t    \t\t\t    <\/div>\n\t\t<\/div>\n\t    \n\t\t    \t\t    \t\t    <div class=\"builder-contact-field builder-contact-field-extra builder-contact-text-field\">\n\t\t\t\t\n\t\t\t\t<label class=\"control-label\" for=\"field_extra_tb_37o2388_0\">\n\t\t\t\t\t\n\t\t\t\t\tApelido\t\t\t\t\t\t\t\t\t\t\t<input type=\"hidden\" name=\"field_extra_name_0\" value=\"Apelido\">\n\t\t\t\t\t\t\t\t\t<\/label>\n\t\t\t\t<div class=\"control-input tf_rel\">\n\t\t\t\t\t\t\t\t\t\t\t<input type=\"text\" name=\"field_extra_0\" id=\"field_extra_tb_37o2388_0\" placeholder=\"Inserir o apelido\" class=\"form-control\">\n\t\t\t\t\t\n\t\t\t\t\t\t\t\t\t<\/div>\n\t\t    <\/div>\n\t    \n\t\t    \t\t    <div class=\"builder-contact-field builder-contact-field-email builder-contact-text-field\">\n\t\t\t    <label class=\"control-label\" for=\"tb_37o2388-contact-email\">\n\t\t\t\t\t\t\t\t\t\t<span class=\"tb-label-span\">Email <\/span><span class=\"required\">*<\/span>\t\t\t\t<\/label>\n\t\t\t    <div class=\"control-input tf_rel\">\n\t\t\t\t    \t\t\t\t\t    <input type=\"email\" name=\"contact-email\" placeholder=\"Inserir o endere\u00e7o de e-mail\" id=\"tb_37o2388-contact-email\" value=\"\" class=\"form-control\" required>\n\t\t\t\t    \t\t\t\t    \t\t\t    <\/div>\n\t\t<\/div>\n\t    \n\t\t    \t\t    <div class=\"builder-contact-field builder-contact-field-subject builder-contact-text-field\">\n\t\t\t    <label class=\"control-label\" for=\"tb_37o2388-contact-subject\">\n\t\t\t\t\t\t\t\t\t\t<span class=\"tb-label-span\">Assunto <\/span>\t\t\t\t<\/label>\n\t\t\t    <div class=\"control-input tf_rel\">\n\t\t\t\t    \t\t\t\t\t    <input type=\"text\" name=\"contact-subject\" placeholder=\"Inserir o assunto\" id=\"tb_37o2388-contact-subject\" value=\"\" class=\"form-control\" >\n\t\t\t\t    \t\t\t\t    \t\t\t    <\/div>\n\t\t<\/div>\n\t    \n\t\t    \t\t    \t\t    <div class=\"builder-contact-field builder-contact-field-extra builder-contact-select-field\">\n\t\t\t\t\n\t\t\t\t<label class=\"control-label\" for=\"field_extra_tb_37o2388_1\">\n\t\t\t\t\t\n\t\t\t\t\tSelecionar escrit\u00f3rio\t\t\t\t\t\t\t\t\t\t\t<input type=\"hidden\" name=\"field_extra_name_1\" value=\"Selecionar escrit\u00f3rio\">\n\t\t\t\t\t\t\t\t\t<\/label>\n\t\t\t\t<div class=\"control-input tf_rel\">\n\t\t\t\t\t\t\t\t\t\t\t\t\t\t\t\t\t\t<select id=\"field_extra_tb_37o2388_1\" name=\"field_extra_1\" class=\"form-control tf_scrollbar\">\n\t\t\t\t\t\t\t\t\t\t\t\t\t\t\t\t\t<option value=\"\"><\/option>\n\t\t\t\t\t\t\t\t\t\t\t\t\t\t\t\t\t\t\t\t\t\t\t\t\t<option value=\"Madrid\"> Madrid <\/option>\n\t\t\t\t\t\t\t\t\t\t\t\t\t\t\t\t\t<option value=\"Le\u00f3n\"> Le\u00f3n <\/option>\n\t\t\t\t\t\t\t\t\t\t\t\t\t\t\t<\/select>\n\t\t\t\t\t\t\t\t\t\t\t\n\t\t\t\t\t\t\t\t\t<\/div>\n\t\t    <\/div>\n\t    \n\t\t    \t\t    <div class=\"builder-contact-field builder-contact-field-message builder-contact-textarea-field\">\n\t\t\t    <label class=\"control-label\" for=\"tb_37o2388-contact-message\">\n\t\t\t\t\t\t\t\t\t\t<span class=\"tb-label-span\">Como o podemos ajudar? <\/span>\t\t\t\t<\/label>\n\t\t\t    <div class=\"control-input tf_rel\">\n\t\t\t\t    \t\t\t\t\t    <textarea name=\"contact-message\" placeholder=\"Escreva aqui a sua pergunta ou d\u00favida\" id=\"tb_37o2388-contact-message\" class=\"form-control\"><\/textarea>\n\t\t\t\t    \t\t\t\t    \t\t\t    <\/div>\n\t\t<\/div>\n\t    \n\t\t    \t\t\n\t\t\t\t\t<div class=\"builder-contact-field builder-contact-field-gdpr\">\n\t\t\t\t<div class=\"control-label\">\n\t\t\t\t\t<div class=\"control-input tf_rel\">\n\t\t\t\t\t\t<label class=\"field-gdpr\">\n\t\t\t\t\t\t\t<input type=\"checkbox\" name=\"gdpr\" value=\"1\" required>\n\t\t\t\t\t\t\t<span><a target=\"_blanc\" href=\"https:\/\/tresca.es\/politica-de-privacidad\/\">Aceito a pol\u00edtica de privacidade<\/a><\/span>\n\t\t\t\t\t\t\t<span class=\"required\">*<\/span>\n\t\t\t\t\t\t<\/label>\n\t\t\t\t\t<\/div>\n\t\t\t\t<\/div>\n\t\t\t<\/div>\n\t\t\n\t    \n\t    <div class=\"builder-contact-field builder-contact-field-send control-input tf_textc tf_clear tf_rel\">\n\t\t\t<button type=\"submit\" class=\"btn btn-primary\">\n\t\t\t\t<span class=\"tf_loader\"><\/span>\t\t\t\t<span class=\"tf_submit_icon\"><\/span> \n\t\t\t\tEnviar\t\t\t<\/button>\n\t    <\/div>\n\t<\/div>\n    <\/form>\n    <\/div>\n<!-- \/module contact -->\n        <\/div>\n                    <\/div>\n                <\/div>\n                        <\/div>\n        <\/div>\n                        <div  data-css_id=\"1uat345\" data-lazy=\"1\" class=\"module_row themify_builder_row fullwidth tb_1uat345 tf_w wow\" data-tf-animation=\"fadeInRightBig\">\n                        <div class=\"row_inner col_align_middle gutter-none tb_col_count_2 tf_box tf_rel\">\n                        <div  data-lazy=\"1\" class=\"module_column tb-column col3-1 tb_y5pp346 first\">\n                    <!-- module text -->\n<div  class=\"module module-text tb_6ujn23   \" data-lazy=\"1\">\n        <div  class=\"tb_text_wrap\">\n        <p style=\"text-align: center;\">Escrit\u00f3rio<\/p>\n<h4 style=\"text-align: center;\">TRESCA &#8211; MADRID<\/h4>\n<p style=\"text-align: center;\">C\/Orense, 33 4\u00baA &#8211; Madrid 28020 <br><a href=\"tel:913916836\">Tel. 913 916 836<\/a> &#8211; <a href=\"tel:915714244\">Fax. 915 714 244 <\/a><br><a href=\"&#x6d;a&#x69;&#108;&#x74;&#111;:&#x6d;&#97;&#x64;&#114;i&#x64;&#64;&#x74;&#114;e&#x73;c&#x61;&#46;&#x65;&#x73;\">&#x6d;a&#x64;r&#x69;&#100;&#x40;&#116;r&#x65;s&#x63;&#97;&#x2e;&#101;&#x73;<\/a><\/p>    <\/div>\n<\/div>\n<!-- \/module text -->        <\/div>\n                    <div  data-lazy=\"1\" class=\"module_column tb-column col3-2 tb_19sf346 last\">\n                    <!-- module text -->\n<div  class=\"module module-text tb_k5y2665   \" data-lazy=\"1\">\n        <div  class=\"tb_text_wrap\">\n        <p><iframe loading=\"lazy\" style=\"border: 0;\" src=\"https:\/\/www.google.com\/maps\/embed?pb=!1m18!1m12!1m3!1d297.06230098169374!2d-3.6953451381801385!3d40.45319056467591!2m3!1f0!2f0!3f0!3m2!1i1024!2i768!4f13.1!3m3!1m2!1s0xd4228fd770daeaf%3A0xcded31c7bab8d0cb!2sC.%20de%20Orense%2C%2033%2C%2028020%20Madrid!5e0!3m2!1ses!2ses!4v1677831140122!5m2!1ses!2ses\" width=\"3000\" height=\"350\" allowfullscreen=\"allowfullscreen\"><\/iframe><\/p>\n    <\/div>\n<\/div>\n<!-- \/module text -->        <\/div>\n                        <\/div>\n        <\/div>\n                        <div  data-css_id=\"wv6365\" data-lazy=\"1\" class=\"module_row themify_builder_row fullwidth tb_wv6365 tf_w wow\" data-tf-animation=\"fadeInLeftBig\">\n                        <div class=\"row_inner col_align_middle gutter-none tb_col_count_2 tf_box tf_rel\">\n                        <div  data-lazy=\"1\" class=\"module_column tb-column col3-2 tb_i5mm65 first\">\n                    <!-- module text -->\n<div  class=\"module module-text tb_olxa67   \" data-lazy=\"1\">\n        <div  class=\"tb_text_wrap\">\n        <p><iframe loading=\"lazy\" style=\"border: 0;\" src=\"https:\/\/www.google.com\/maps\/embed?pb=!1m18!1m12!1m3!1d2937.84884338496!2d-5.597727284302197!3d42.57973072919272!2m3!1f0!2f0!3f0!3m2!1i1024!2i768!4f13.1!3m3!1m2!1s0xd379ad0f7b785c3%3A0xfd6acbec5a180de6!2sTresca%20Ingenieria%20S.A.!5e0!3m2!1ses!2ses!4v1628694376783!5m2!1ses!2ses\" width=\"3000\" height=\"350\" allowfullscreen=\"allowfullscreen\"><\/iframe><\/p>\n    <\/div>\n<\/div>\n<!-- \/module text -->        <\/div>\n                    <div  data-lazy=\"1\" class=\"module_column tb-column col3-1 tb_z7ae241 last\">\n                    <!-- module text -->\n<div  class=\"module module-text tb_vqjn214   \" data-lazy=\"1\">\n        <div  class=\"tb_text_wrap\">\n        <p style=\"text-align: center;\">Escrit\u00f3rio<\/p>\n<h4 style=\"text-align: center;\"> TRESCA &#8211; LE\u00d3N<\/h4>\n<p style=\"text-align: center;\">Calle Julia Morros s\/n &#8211; 2\u00ba andar Edif\u00edcio Usos Comunes<br>Parque Tecnol\u00f3gico de Le\u00f3n (Le\u00f3n) &#8211; 24009 <br><a href=\"tel:987275066\">Tel. 987 275 066<\/a> &#8211; <a href=\"&#x6d;&#97;i&#x6c;&#116;&#111;&#x3a;&#x6c;&#101;o&#x6e;&#64;t&#x72;&#x65;&#115;c&#x61;&#46;e&#x73;\">leon&#64;tresca&#46;&#101;&#115;<\/a><\/p>    <\/div>\n<\/div>\n<!-- \/module text -->        <\/div>\n                        <\/div>\n        <\/div>\n                        <div  data-css_id=\"cyqe45\" data-lazy=\"1\" class=\"module_row themify_builder_row fullwidth tb_cyqe45 tf_w wow\" data-tf-animation=\"fadeInRightBig\">\n                        <div class=\"row_inner col_align_middle gutter-none tb_col_count_2 tf_box tf_rel\">\n                        <div  data-lazy=\"1\" class=\"module_column tb-column col3-1 tb_xt1k46 first\">\n                    <!-- module text -->\n<div  class=\"module module-text tb_0rf646   \" data-lazy=\"1\">\n        <div  class=\"tb_text_wrap\">\n        <p style=\"text-align: center;\">Escrit\u00f3rio<\/p>\n<h4 style=\"text-align: center;\">TRESCA &#8211; ASTURIAS<\/h4>\n<p style=\"text-align: center;\">Calle Pe\u00f1a Brava, 21 R\u00e9s do ch\u00e3o &#8211; Escrit\u00f3rio A1 <br>Pol\u00edgono Industrial de Silvota &#8211; Llanera (Ast\u00farias) &#8211; 33192 <br><a href=\"tel:%20984019574\">Tel. 984 019 574<\/a><br><a href=\"&#x6d;&#x61;&#x69;&#108;&#116;o:&#x61;&#x73;&#x74;&#117;&#114;ia&#x73;&#x40;&#x74;&#114;&#101;sc&#x61;&#x2e;&#x65;&#115;\">&#97;&#x73;&#116;&#x75;&#114;&#x69;&#97;&#x73;&#64;&#x74;&#114;&#x65;&#115;&#x63;&#97;&#x2e;&#101;&#x73;<\/a> <\/p>    <\/div>\n<\/div>\n<!-- \/module text -->        <\/div>\n                    <div  data-lazy=\"1\" class=\"module_column tb-column col3-2 tb_uz8446 last\">\n                    <!-- module text -->\n<div  class=\"module module-text tb_d47v46   \" data-lazy=\"1\">\n        <div  class=\"tb_text_wrap\">\n        <p><iframe loading=\"lazy\" style=\"border: 0;\" src=\"https:\/\/www.google.com\/maps\/embed?pb=!1m14!1m8!1m3!1d11591.439540636777!2d-5.8168838!3d43.4217541!3m2!1i1024!2i768!4f13.1!3m3!1m2!1s0xd368f71a8a77e15%3A0xbf10d1781c5ecfb8!2sTresca%20Ingenier%C3%ADa!5e0!3m2!1ses!2ses!4v1682506577546!5m2!1ses!2ses\" width=\"3000\" height=\"350\" allowfullscreen=\"allowfullscreen\"><\/iframe><\/p>\n    <\/div>\n<\/div>\n<!-- \/module text -->        <\/div>\n                        <\/div>\n        <\/div>\n        <\/div>\n<!--\/themify_builder_content-->","protected":false},"excerpt":{"rendered":"<p>TEM ALGUMA QUEST\u00c3O? Contacte conosco<\/p>\n","protected":false},"author":2,"featured_media":0,"parent":0,"menu_order":0,"comment_status":"closed","ping_status":"closed","template":"","meta":{"footnotes":""},"class_list":["post-4531","page","type-page","status-publish","hentry","has-post-title","has-post-date","has-post-category","has-post-tag","has-post-comment","has-post-author",""],"yoast_head":"<!-- This site is optimized with the Yoast SEO plugin v27.2 - https:\/\/yoast.com\/product\/yoast-seo-wordpress\/ -->\n<title>\u25b7 Contacte connosco - Tresca Ingenier\u00eda - Escrit\u00f3rios em Le\u00f3n e Madrid<\/title>\n<meta name=\"description\" content=\"Se tiver alguma d\u00favida, n\u00e3o hesite em contactar-nos, teremos todo o prazer em ajud\u00e1-lo. Envie-nos uma mensagem!\" \/>\n<meta name=\"robots\" content=\"noindex, nofollow\" \/>\n<meta property=\"og:locale\" content=\"pt_PT\" \/>\n<meta property=\"og:type\" content=\"article\" \/>\n<meta property=\"og:title\" content=\"\u25b7 Contacte connosco - Tresca Ingenier\u00eda - Escrit\u00f3rios em Le\u00f3n e Madrid\" \/>\n<meta property=\"og:description\" content=\"Se tiver alguma d\u00favida, n\u00e3o hesite em contactar-nos, teremos todo o prazer em ajud\u00e1-lo. Envie-nos uma mensagem!\" \/>\n<meta property=\"og:url\" content=\"https:\/\/tresca.es\/pt\/contacto\/\" \/>\n<meta property=\"og:site_name\" content=\"Tresca\" \/>\n<meta property=\"article:publisher\" content=\"https:\/\/www.facebook.com\/grupotrescaesp\" \/>\n<meta property=\"article:modified_time\" content=\"2025-04-08T10:13:35+00:00\" \/>\n<meta property=\"og:image\" content=\"https:\/\/tresca.es\/wp-content\/uploads\/2021\/11\/Banner-Principal.png\" \/>\n\t<meta property=\"og:image:width\" content=\"1801\" \/>\n\t<meta property=\"og:image:height\" content=\"769\" \/>\n\t<meta property=\"og:image:type\" content=\"image\/png\" \/>\n<meta name=\"twitter:card\" content=\"summary_large_image\" \/>\n<meta name=\"twitter:label1\" content=\"Tempo estimado de leitura\" \/>\n\t<meta name=\"twitter:data1\" content=\"1 minuto\" \/>\n<script type=\"application\/ld+json\" class=\"yoast-schema-graph\">{\"@context\":\"https:\/\/schema.org\",\"@graph\":[{\"@type\":\"WebPage\",\"@id\":\"https:\/\/tresca.es\/pt\/contacto\/\",\"url\":\"https:\/\/tresca.es\/pt\/contacto\/\",\"name\":\"\u25b7 Contacte connosco - Tresca Ingenier\u00eda - Escrit\u00f3rios em Le\u00f3n e Madrid\",\"isPartOf\":{\"@id\":\"https:\/\/tresca.es\/pt\/#website\"},\"datePublished\":\"2016-12-28T04:25:41+00:00\",\"dateModified\":\"2025-04-08T10:13:35+00:00\",\"description\":\"Se tiver alguma d\u00favida, n\u00e3o hesite em contactar-nos, teremos todo o prazer em ajud\u00e1-lo. Envie-nos uma mensagem!\",\"breadcrumb\":{\"@id\":\"https:\/\/tresca.es\/pt\/contacto\/#breadcrumb\"},\"inLanguage\":\"pt-PT\",\"potentialAction\":[{\"@type\":\"ReadAction\",\"target\":[\"https:\/\/tresca.es\/pt\/contacto\/\"]}]},{\"@type\":\"BreadcrumbList\",\"@id\":\"https:\/\/tresca.es\/pt\/contacto\/#breadcrumb\",\"itemListElement\":[{\"@type\":\"ListItem\",\"position\":1,\"name\":\"Portada\",\"item\":\"https:\/\/tresca.es\/pt\/\"},{\"@type\":\"ListItem\",\"position\":2,\"name\":\"Contacto\"}]},{\"@type\":\"WebSite\",\"@id\":\"https:\/\/tresca.es\/pt\/#website\",\"url\":\"https:\/\/tresca.es\/pt\/\",\"name\":\"Tresca\",\"description\":\"Consultor\u00eda e Ingenier\u00eda\",\"potentialAction\":[{\"@type\":\"SearchAction\",\"target\":{\"@type\":\"EntryPoint\",\"urlTemplate\":\"https:\/\/tresca.es\/pt\/?s={search_term_string}\"},\"query-input\":{\"@type\":\"PropertyValueSpecification\",\"valueRequired\":true,\"valueName\":\"search_term_string\"}}],\"inLanguage\":\"pt-PT\"}]}<\/script>\n<!-- \/ Yoast SEO plugin. -->","yoast_head_json":{"title":"\u25b7 Contacte connosco - Tresca Ingenier\u00eda - Escrit\u00f3rios em Le\u00f3n e Madrid","description":"Se tiver alguma d\u00favida, n\u00e3o hesite em contactar-nos, teremos todo o prazer em ajud\u00e1-lo. Envie-nos uma mensagem!","robots":{"index":"noindex","follow":"nofollow"},"og_locale":"pt_PT","og_type":"article","og_title":"\u25b7 Contacte connosco - Tresca Ingenier\u00eda - Escrit\u00f3rios em Le\u00f3n e Madrid","og_description":"Se tiver alguma d\u00favida, n\u00e3o hesite em contactar-nos, teremos todo o prazer em ajud\u00e1-lo. Envie-nos uma mensagem!","og_url":"https:\/\/tresca.es\/pt\/contacto\/","og_site_name":"Tresca","article_publisher":"https:\/\/www.facebook.com\/grupotrescaesp","article_modified_time":"2025-04-08T10:13:35+00:00","og_image":[{"width":1801,"height":769,"url":"https:\/\/tresca.es\/wp-content\/uploads\/2021\/11\/Banner-Principal.png","type":"image\/png"}],"twitter_card":"summary_large_image","twitter_misc":{"Tempo estimado de leitura":"1 minuto"},"schema":{"@context":"https:\/\/schema.org","@graph":[{"@type":"WebPage","@id":"https:\/\/tresca.es\/pt\/contacto\/","url":"https:\/\/tresca.es\/pt\/contacto\/","name":"\u25b7 Contacte connosco - Tresca Ingenier\u00eda - Escrit\u00f3rios em Le\u00f3n e Madrid","isPartOf":{"@id":"https:\/\/tresca.es\/pt\/#website"},"datePublished":"2016-12-28T04:25:41+00:00","dateModified":"2025-04-08T10:13:35+00:00","description":"Se tiver alguma d\u00favida, n\u00e3o hesite em contactar-nos, teremos todo o prazer em ajud\u00e1-lo. Envie-nos uma mensagem!","breadcrumb":{"@id":"https:\/\/tresca.es\/pt\/contacto\/#breadcrumb"},"inLanguage":"pt-PT","potentialAction":[{"@type":"ReadAction","target":["https:\/\/tresca.es\/pt\/contacto\/"]}]},{"@type":"BreadcrumbList","@id":"https:\/\/tresca.es\/pt\/contacto\/#breadcrumb","itemListElement":[{"@type":"ListItem","position":1,"name":"Portada","item":"https:\/\/tresca.es\/pt\/"},{"@type":"ListItem","position":2,"name":"Contacto"}]},{"@type":"WebSite","@id":"https:\/\/tresca.es\/pt\/#website","url":"https:\/\/tresca.es\/pt\/","name":"Tresca","description":"Consultor\u00eda e Ingenier\u00eda","potentialAction":[{"@type":"SearchAction","target":{"@type":"EntryPoint","urlTemplate":"https:\/\/tresca.es\/pt\/?s={search_term_string}"},"query-input":{"@type":"PropertyValueSpecification","valueRequired":true,"valueName":"search_term_string"}}],"inLanguage":"pt-PT"}]}},"builder_content":"<h1 style=\"text-align: center;\">TEM ALGUMA QUEST\u00c3O?<\/h1> <p style=\"text-align: center;\">Contacte conosco<\/p>\n<a href=\"https:\/\/www.linkedin.com\/company\/tresca-ingenier%C3%ADa-s-a-\/\" rel=\"noopener\" target=\"_blank\"> <em ><svg xmlns:xlink=\"http:\/\/www.w3.org\/1999\/xlink\" aria-hidden=\"true\"><use href=\"#tf-ti-linkedin\" xlink:href=\"#tf-ti-linkedin\"><\/use><\/svg><\/em> <\/a> <a href=\"https:\/\/www.facebook.com\/grupotrescaesp\" rel=\"noopener\" target=\"_blank\"> <em ><svg xmlns:xlink=\"http:\/\/www.w3.org\/1999\/xlink\" aria-hidden=\"true\"><use href=\"#tf-ti-facebook\" xlink:href=\"#tf-ti-facebook\"><\/use><\/svg><\/em> <\/a> <a href=\"https:\/\/twitter.com\/GrupoTresca?s=20\" rel=\"noopener\" target=\"_blank\"> <em ><svg xmlns:xlink=\"http:\/\/www.w3.org\/1999\/xlink\" aria-hidden=\"true\"><use href=\"#tf-ti-twitter\" xlink:href=\"#tf-ti-twitter\"><\/use><\/svg><\/em> <\/a>\n<form id=\"tb_37o2388-form\" method=\"post\" data-post-id=\"0\" data-element-id=\"37o2388\" data-orig-id=\"4531\" > <input type=\"hidden\" id=\"bc_nonce\" name=\"bc_nonce\" value=\"07734ce2bf\" \/><input type=\"hidden\" name=\"_wp_http_referer\" value=\"\/pt\/wp-json\/wp\/v2\/pages\/4531\" \/> <label for=\"tb_37o2388-contact-name\"> Nome * <\/label> <input type=\"text\" name=\"contact-name\" placeholder=\"Inserir o nome\" id=\"tb_37o2388-contact-name\" value=\"\" required> <label for=\"field_extra_tb_37o2388_0\"> Apelido <input type=\"hidden\" name=\"field_extra_name_0\" value=\"Apelido\"> <\/label> <input type=\"text\" name=\"field_extra_0\" id=\"field_extra_tb_37o2388_0\" placeholder=\"Inserir o apelido\"> <label for=\"tb_37o2388-contact-email\"> Email * <\/label> <input type=\"email\" name=\"contact-email\" placeholder=\"Inserir o endere\u00e7o de e-mail\" id=\"tb_37o2388-contact-email\" value=\"\" required> <label for=\"tb_37o2388-contact-subject\"> Assunto <\/label> <input type=\"text\" name=\"contact-subject\" placeholder=\"Inserir o assunto\" id=\"tb_37o2388-contact-subject\" value=\"\" > <label for=\"field_extra_tb_37o2388_1\"> Selecionar escrit\u00f3rio <input type=\"hidden\" name=\"field_extra_name_1\" value=\"Selecionar escrit\u00f3rio\"> <\/label> <select id=\"field_extra_tb_37o2388_1\" name=\"field_extra_1\"> <option value=\"\"><\/option> <option value=\"Madrid\"> Madrid <\/option> <option value=\"Le\u00f3n\"> Le\u00f3n <\/option> <\/select> <label for=\"tb_37o2388-contact-message\"> Como o podemos ajudar? <\/label> <textarea name=\"contact-message\" placeholder=\"Escreva aqui a sua pergunta ou d\u00favida\" id=\"tb_37o2388-contact-message\"><\/textarea> <label> <input type=\"checkbox\" name=\"gdpr\" value=\"1\" required> <a target=\"_blanc\" href=\"https:\/\/tresca.es\/politica-de-privacidad\/\">Aceito a pol\u00edtica de privacidade<\/a> * <\/label> <button type=\"submit\"> Enviar <\/button> <\/form>\n<p style=\"text-align: center;\">Escrit\u00f3rio<\/p> <h4 style=\"text-align: center;\">TRESCA - MADRID<\/h4> <p style=\"text-align: center;\">C\/Orense, 33 4\u00baA - Madrid 28020 <br><a href=\"tel:913916836\">Tel. 913 916 836<\/a> - <a href=\"tel:915714244\">Fax. 915 714 244 <\/a><br><a href=\"mailto:madrid@tresca.es\">madrid@tresca.es<\/a><\/p>\n<p><iframe loading=\"lazy\" style=\"border: 0;\" src=\"https:\/\/www.google.com\/maps\/embed?pb=!1m18!1m12!1m3!1d297.06230098169374!2d-3.6953451381801385!3d40.45319056467591!2m3!1f0!2f0!3f0!3m2!1i1024!2i768!4f13.1!3m3!1m2!1s0xd4228fd770daeaf%3A0xcded31c7bab8d0cb!2sC.%20de%20Orense%2C%2033%2C%2028020%20Madrid!5e0!3m2!1ses!2ses!4v1677831140122!5m2!1ses!2ses\" width=\"3000\" height=\"350\" allowfullscreen=\"allowfullscreen\"><\/iframe><\/p>\n<p><iframe loading=\"lazy\" style=\"border: 0;\" src=\"https:\/\/www.google.com\/maps\/embed?pb=!1m18!1m12!1m3!1d2937.84884338496!2d-5.597727284302197!3d42.57973072919272!2m3!1f0!2f0!3f0!3m2!1i1024!2i768!4f13.1!3m3!1m2!1s0xd379ad0f7b785c3%3A0xfd6acbec5a180de6!2sTresca%20Ingenieria%20S.A.!5e0!3m2!1ses!2ses!4v1628694376783!5m2!1ses!2ses\" width=\"3000\" height=\"350\" allowfullscreen=\"allowfullscreen\"><\/iframe><\/p>\n<p style=\"text-align: center;\">Escrit\u00f3rio<\/p> <h4 style=\"text-align: center;\"> TRESCA - LE\u00d3N<\/h4> <p style=\"text-align: center;\">Calle Julia Morros s\/n - 2\u00ba andar Edif\u00edcio Usos Comunes<br>Parque Tecnol\u00f3gico de Le\u00f3n (Le\u00f3n) - 24009 <br><a href=\"tel:987275066\">Tel. 987 275 066<\/a> - <a href=\"mailto:leon@tresca.es\">leon@tresca.es<\/a><\/p>\n<p style=\"text-align: center;\">Escrit\u00f3rio<\/p> <h4 style=\"text-align: center;\">TRESCA - ASTURIAS<\/h4> <p style=\"text-align: center;\">Calle Pe\u00f1a Brava, 21 R\u00e9s do ch\u00e3o - Escrit\u00f3rio A1 <br>Pol\u00edgono Industrial de Silvota - Llanera (Ast\u00farias) - 33192 <br><a href=\"tel:%20984019574\">Tel. 984 019 574<\/a><br><a href=\"mailto:asturias@tresca.es\">asturias@tresca.es<\/a> <\/p>\n<p><iframe loading=\"lazy\" style=\"border: 0;\" src=\"https:\/\/www.google.com\/maps\/embed?pb=!1m14!1m8!1m3!1d11591.439540636777!2d-5.8168838!3d43.4217541!3m2!1i1024!2i768!4f13.1!3m3!1m2!1s0xd368f71a8a77e15%3A0xbf10d1781c5ecfb8!2sTresca%20Ingenier%C3%ADa!5e0!3m2!1ses!2ses!4v1682506577546!5m2!1ses!2ses\" width=\"3000\" height=\"350\" allowfullscreen=\"allowfullscreen\"><\/iframe><\/p>","_links":{"self":[{"href":"https:\/\/tresca.es\/pt\/wp-json\/wp\/v2\/pages\/4531","targetHints":{"allow":["GET"]}}],"collection":[{"href":"https:\/\/tresca.es\/pt\/wp-json\/wp\/v2\/pages"}],"about":[{"href":"https:\/\/tresca.es\/pt\/wp-json\/wp\/v2\/types\/page"}],"author":[{"embeddable":true,"href":"https:\/\/tresca.es\/pt\/wp-json\/wp\/v2\/users\/2"}],"replies":[{"embeddable":true,"href":"https:\/\/tresca.es\/pt\/wp-json\/wp\/v2\/comments?post=4531"}],"version-history":[{"count":7,"href":"https:\/\/tresca.es\/pt\/wp-json\/wp\/v2\/pages\/4531\/revisions"}],"predecessor-version":[{"id":6398,"href":"https:\/\/tresca.es\/pt\/wp-json\/wp\/v2\/pages\/4531\/revisions\/6398"}],"wp:attachment":[{"href":"https:\/\/tresca.es\/pt\/wp-json\/wp\/v2\/media?parent=4531"}],"curies":[{"name":"wp","href":"https:\/\/api.w.org\/{rel}","templated":true}]}}